{"id":4401,"date":"2021-12-17T14:18:34","date_gmt":"2021-12-17T14:18:34","guid":{"rendered":"https:\/\/medicate.peacefulqode.com\/?page_id=4401"},"modified":"2025-03-01T12:05:16","modified_gmt":"2025-03-01T12:05:16","slug":"make-appointments","status":"publish","type":"page","link":"https:\/\/epilaz.ma\/index.php\/make-appointments\/","title":{"rendered":"Prise de rendez vous"},"content":{"rendered":"\t\t<div data-elementor-type=\"wp-page\" data-elementor-id=\"4401\" class=\"elementor elementor-4401\">\n\t\t\t\t\t\t\t\t\t<div class=\"elementor-section elementor-top-section elementor-element elementor-element-50b884c elementor-section-full_width elementor-section-stretched elementor-section-height-default elementor-section-height-default\" data-id=\"50b884c\" data-element_type=\"section\" data-settings=\"{&quot;stretch_section&quot;:&quot;section-stretched&quot;,&quot;background_background&quot;:&quot;classic&quot;}\">\n\t\t\t\t\t\t<div class=\"elementor-container elementor-column-gap-default\">\n\t\t\t\t\t<div class=\"elementor-column elementor-col-100 elementor-top-column elementor-element elementor-element-e671477\" data-id=\"e671477\" data-element_type=\"column\">\n\t\t\t<div class=\"elementor-widget-wrap elementor-element-populated\">\n\t\t\t\t\t\t\t\t<div class=\"elementor-section elementor-inner-section elementor-element elementor-element-6d8b99e elementor-section-boxed elementor-section-height-default elementor-section-height-default\" data-id=\"6d8b99e\" data-element_type=\"section\" data-settings=\"{&quot;background_background&quot;:&quot;classic&quot;}\">\n\t\t\t\t\t\t<div class=\"elementor-container elementor-column-gap-default\">\n\t\t\t\t\t<div class=\"elementor-column elementor-col-50 elementor-inner-column elementor-element elementor-element-ce6cba6\" data-id=\"ce6cba6\" data-element_type=\"column\" data-settings=\"{&quot;background_background&quot;:&quot;classic&quot;}\">\n\t\t\t<div class=\"elementor-widget-wrap elementor-element-populated\">\n\t\t\t\t\t\t\t\t<div class=\"elementor-element elementor-element-fcfc0b6 elementor-widget elementor-widget-shortcode\" data-id=\"fcfc0b6\" data-element_type=\"widget\" data-widget_type=\"shortcode.default\">\n\t\t\t\t<div class=\"elementor-widget-container\">\n\t\t\t\t\t<div class=\"elementor-shortcode\"><div class=\"mf-form-shortcode\">\r\n\t\t<div\r\n\t\t\tid=\"metform-wrap-17059-17059\"\r\n\t\t\tclass=\"mf-form-wrapper\"\r\n\t\t\tdata-form-id=\"17059\"\r\n\t\t\tdata-action=\"https:\/\/epilaz.ma\/index.php\/wp-json\/metform\/v1\/entries\/insert\/17059\"\r\n\t\t\tdata-wp-nonce=\"8d82020b93\"\r\n\t\t\tdata-form-nonce=\"edeb6245ad\"\r\n\t\t\tdata-quiz-summery = \"false\"\r\n\t\t\tdata-save-progress = \"false\"\r\n\t\t\tdata-form-type=\"general-form\"\r\n\t\t\tdata-stop-vertical-effect=\"\"\r\n\t\t\t><\/div>\r\n\r\n\r\n\t\t<!----------------------------- \r\n\t\t\t* controls_data : find the the props passed indie of data attribute\r\n\t\t\t* props.SubmitResponseMarkup : contains the markup of error or success message\r\n\t\t\t* https:\/\/developer.mozilla.org\/en-US\/docs\/Web\/JavaScript\/Reference\/Template_literals\r\n\t\t--------------------------- -->\r\n\r\n\t\t\t\t<script type=\"text\/mf\" class=\"mf-template\">\r\n\t\t\tfunction controls_data (value){\r\n\t\t\t\tlet currentWrapper = \"mf-response-props-id-17059\";\r\n\t\t\t\tlet currentEl = document.getElementById(currentWrapper);\r\n\t\t\t\t\r\n\t\t\t\treturn currentEl ? currentEl.dataset[value] : false\r\n\t\t\t}\r\n\r\n\r\n\t\t\tlet is_edit_mode = '' ? true : false;\r\n\t\t\tlet message_position = controls_data('messageposition') || 'top';\r\n\r\n\t\t\t\r\n\t\t\tlet message_successIcon = controls_data('successicon') || '';\r\n\t\t\tlet message_errorIcon = controls_data('erroricon') || '';\r\n\t\t\tlet message_editSwitch = controls_data('editswitchopen') === 'yes' ? true : false;\r\n\t\t\tlet message_proClass = controls_data('editswitchopen') === 'yes' ? 'mf_pro_activated' : '';\r\n\t\t\t\r\n\t\t\tlet is_dummy_markup = is_edit_mode && message_editSwitch ? true : false;\r\n\r\n\t\t\t\r\n\t\t\treturn html`\r\n\t\t\t\t<form\r\n\t\t\t\t\tclassName=\"metform-form-content\"\r\n\t\t\t\t\tref=${parent.formContainerRef}\r\n\t\t\t\t\tonSubmit=${ validation.handleSubmit( parent.handleFormSubmit ) }\r\n\t\t\t\t\r\n\t\t\t\t\t>\r\n\t\t\t\r\n\t\t\t\r\n\t\t\t\t\t${is_dummy_markup ? message_position === 'top' ?  props.ResponseDummyMarkup(message_successIcon, message_proClass) : '' : ''}\r\n\t\t\t\t\t${is_dummy_markup ? ' ' :  message_position === 'top' ? props.SubmitResponseMarkup`${parent}${state}${message_successIcon}${message_errorIcon}${message_proClass}` : ''}\r\n\r\n\t\t\t\t\t<!--------------------------------------------------------\r\n\t\t\t\t\t*** IMPORTANT \/ DANGEROUS ***\r\n\t\t\t\t\t${html``} must be used as in immediate child of \"metform-form-main-wrapper\"\r\n\t\t\t\t\tclass otherwise multistep form will not run at all\r\n\t\t\t\t\t---------------------------------------------------------->\r\n\r\n\t\t\t\t\t<div className=\"metform-form-main-wrapper\" key=${'hide-form-after-submit'} ref=${parent.formRef}>\r\n\t\t\t\t\t${html`\r\n\t\t\t\t\t\t\t\t<div data-elementor-type=\"wp-post\" key=\"2\" data-elementor-id=\"17059\" className=\"elementor elementor-17059\">\n\t\t\t\t\t\t\t\t\t<section className=\"elementor-section elementor-top-section elementor-element elementor-element-f32d441 elementor-section-boxed elementor-section-height-default elementor-section-height-default\" data-id=\"f32d441\" data-element_type=\"section\">\n\t\t\t\t\t\t<div className=\"elementor-container elementor-column-gap-default\">\n\t\t\t\t\t<div className=\"elementor-column elementor-col-100 elementor-top-column elementor-element elementor-element-fe9cde7\" data-id=\"fe9cde7\" data-element_type=\"column\">\n\t\t\t<div className=\"elementor-widget-wrap elementor-element-populated\">\n\t\t\t\t\t\t\t\t<div className=\"elementor-element elementor-element-d58d5d6 elementor-widget elementor-widget-mf-select\" data-id=\"d58d5d6\" data-element_type=\"widget\" data-settings=\"{&quot;mf_input_name&quot;:&quot;Choisissez_votre_service&quot;,&quot;mf_input_list&quot;:[{&quot;mf_input_option_text&quot;:&quot;Amincissment &quot;,&quot;mf_input_option_value&quot;:&quot;Amincissment &quot;,&quot;_id&quot;:&quot;8b08358&quot;,&quot;mf_input_option_status&quot;:&quot;&quot;,&quot;mf_input_option_selected&quot;:&quot;&quot;},{&quot;mf_input_option_text&quot;:&quot;\\u00c9pilation laser &quot;,&quot;mf_input_option_value&quot;:&quot;\\u00c9pilation laser &quot;,&quot;_id&quot;:&quot;9ea35d8&quot;,&quot;mf_input_option_status&quot;:&quot;&quot;,&quot;mf_input_option_selected&quot;:&quot;&quot;},{&quot;mf_input_option_text&quot;:&quot;Lifting colombien&quot;,&quot;mf_input_option_value&quot;:&quot;Lifting colombien&quot;,&quot;_id&quot;:&quot;c5a899a&quot;,&quot;mf_input_option_status&quot;:&quot;&quot;,&quot;mf_input_option_selected&quot;:&quot;&quot;},{&quot;_id&quot;:&quot;75af61f&quot;,&quot;mf_input_option_text&quot;:&quot;M\\u00e9soth\\u00e9rapie &quot;,&quot;mf_input_option_value&quot;:&quot;M\\u00e9soth\\u00e9rapie &quot;,&quot;mf_input_option_status&quot;:&quot;&quot;,&quot;mf_input_option_selected&quot;:&quot;&quot;},{&quot;_id&quot;:&quot;1830247&quot;,&quot;mf_input_option_text&quot;:&quot;Microneedling &quot;,&quot;mf_input_option_value&quot;:&quot;Microneedling &quot;,&quot;mf_input_option_status&quot;:&quot;&quot;,&quot;mf_input_option_selected&quot;:&quot;&quot;},{&quot;_id&quot;:&quot;303290b&quot;,&quot;mf_input_option_text&quot;:&quot;Hifu &quot;,&quot;mf_input_option_value&quot;:&quot;Hifu &quot;,&quot;mf_input_option_status&quot;:&quot;&quot;,&quot;mf_input_option_selected&quot;:&quot;&quot;},{&quot;_id&quot;:&quot;0610365&quot;,&quot;mf_input_option_text&quot;:&quot;Soin hydrafacial\\u00a0&quot;,&quot;mf_input_option_value&quot;:&quot;Soin hydrafacial\\u00a0&quot;,&quot;mf_input_option_status&quot;:&quot;&quot;,&quot;mf_input_option_selected&quot;:&quot;&quot;}]}\" data-widget_type=\"mf-select.default\">\n\t\t\t\t<div className=\"elementor-widget-container\">\n\t\t\t\n\t\t\n\t\t<div className=\"mf-input-wrapper\">\n\t\t\t\t\t\t\t<label className=\"mf-input-label\" htmlFor=\"mf-input-select-d58d5d6\">\n\t\t\t\t\t${ parent.decodeEntities(`Choisissez votre service`) } \t\t\t\t\t<span className=\"mf-input-required-indicator\">*<\/span>\n\t\t\t\t<\/label>\n            \n            <${props.Select}\n                className=${\"mf-input mf-input-select  \" + ( validation.errors['Choisissez_votre_service'] ? 'mf-invalid' : '' )}\n                classNamePrefix=\"mf_select\"\n                name=\"Choisissez_votre_service\"\n                placeholder=\"${ parent.decodeEntities(`Choisissez votre service`) } \"\n                isSearchable=${false}\n                options=${[{\"label\":\"Amincissment \",\"value\":\"Amincissment \",\"isDisabled\":false},{\"label\":\"\\u00c9pilation laser \",\"value\":\"\\u00c9pilation laser \",\"isDisabled\":false},{\"label\":\"Lifting colombien\",\"value\":\"Lifting colombien\",\"isDisabled\":false},{\"label\":\"M\\u00e9soth\\u00e9rapie \",\"value\":\"M\\u00e9soth\\u00e9rapie \",\"isDisabled\":false},{\"label\":\"Microneedling \",\"value\":\"Microneedling \",\"isDisabled\":false},{\"label\":\"Hifu \",\"value\":\"Hifu \",\"isDisabled\":false},{\"label\":\"Soin hydrafacial\\u00a0\",\"value\":\"Soin hydrafacial\\u00a0\",\"isDisabled\":false}]}\n                value=${parent.getValue(\"Choisissez_votre_service\") ? [{\"label\":\"Amincissment \",\"value\":\"Amincissment \",\"isDisabled\":false},{\"label\":\"\\u00c9pilation laser \",\"value\":\"\\u00c9pilation laser \",\"isDisabled\":false},{\"label\":\"Lifting colombien\",\"value\":\"Lifting colombien\",\"isDisabled\":false},{\"label\":\"M\\u00e9soth\\u00e9rapie \",\"value\":\"M\\u00e9soth\\u00e9rapie \",\"isDisabled\":false},{\"label\":\"Microneedling \",\"value\":\"Microneedling \",\"isDisabled\":false},{\"label\":\"Hifu \",\"value\":\"Hifu \",\"isDisabled\":false},{\"label\":\"Soin hydrafacial\\u00a0\",\"value\":\"Soin hydrafacial\\u00a0\",\"isDisabled\":false}].filter(item => item.value === parent.getValue(\"Choisissez_votre_service\"))[0] : []}\n                onChange=${(e)=> parent.handleSelect(e, \"Choisissez_votre_service\")}\n                ref=${() => {\n\t\t\t\t                    register({ name: \"Choisissez_votre_service\" }, parent.activateValidation({\"message\":\"Ce champ est n\\u00e9cessaire.\",\"minLength\":1,\"maxLength\":\"\",\"type\":\"none\",\"required\":true}));\n                    if ( parent.getValue(\"Choisissez_votre_service\") === '' && false ) {\n\t\t\t\t    parent.setValue( 'Choisissez_votre_service', '', true );\n                        parent.handleChange({\n                            target: {\n                                name: 'Choisissez_votre_service',\n                                value: ''\n                            }\n                        });\n                    }\n                }}\n                \/>\n\n            \t\t\t\t<${validation.ErrorMessage}\n\t\t\t\t\terrors=${validation.errors}\n\t\t\t\t\tname=\"Choisissez_votre_service\"\n\t\t\t\t\tas=${html`<span className=\"mf-error-message\"><\/span>`}\n\t\t\t\t\t\/>\n\t\t\t\t\t\t\t\t<\/div>\n\n\t\t\n\t\t\t\t<\/div>\n\t\t\t\t<\/div>\n\t\t\t\t<div className=\"elementor-element elementor-element-34e985f elementor-widget elementor-widget-mf-number\" data-id=\"34e985f\" data-element_type=\"widget\" data-settings=\"{&quot;mf_input_name&quot;:&quot;Num_ro_de_t_l_phone&quot;}\" data-widget_type=\"mf-number.default\">\n\t\t\t\t<div className=\"elementor-widget-container\">\n\t\t\t\r\n\t\t<div className=\"mf-input-wrapper\">\r\n\t\t\t\t\t\t\t<label className=\"mf-input-label\" htmlFor=\"mf-input-number-34e985f\">\r\n\t\t\t\t\t${ parent.decodeEntities(`Num\u00e9ro de t\u00e9l\u00e9phone`) } \t\t\t\t\t<span className=\"mf-input-required-indicator\"><\/span>\r\n\t\t\t\t<\/label>\r\n\t\t\t\r\n\t\t\t<input\r\n\t\t\t\ttype=\"number\"\r\n\t\t\t\tstep=\"any\"\r\n\t\t\t\tclassName=\"mf-input \"\r\n\t\t\t\tid=\"mf-input-mobile-34e985f\"\r\n\t\t\t\tname=\"Num_ro_de_t_l_phone\"\r\n\t\t\t\tplaceholder=\"${ parent.decodeEntities(`Num\u00e9ro de t\u00e9l\u00e9phone`) } \"\r\n\t\t\t\t\t\t\t\t\tonInput=${parent.handleChange}\r\n\t\t\t\t\taria-invalid=${validation.errors['Num_ro_de_t_l_phone'] ? 'true' : 'false'}\r\n\t\t\t\t\tref=${el => parent.activateValidation({\"message\":\"Ce champ est n\\u00e9cessaire.\",\"minLength\":1,\"maxLength\":\"\",\"type\":\"none\",\"required\":false,\"expression\":\"null\"}, el)}\r\n\t\t\t\t\t\t\t\t\/>\r\n\r\n\t\t\t\t\t\t\t<${validation.ErrorMessage}\r\n\t\t\t\t\terrors=${validation.errors}\r\n\t\t\t\t\tname=\"Num_ro_de_t_l_phone\"\r\n\t\t\t\t\tas=${html`<span className=\"mf-error-message\"><\/span>`}\r\n\t\t\t\t\t\/>\r\n\t\t\t\r\n\t\t\t\t\t<\/div>\r\n\r\n\t\t\t\t<\/div>\n\t\t\t\t<\/div>\n\t\t\t\t<div className=\"elementor-element elementor-element-d1daa5d elementor-widget elementor-widget-mf-text\" data-id=\"d1daa5d\" data-element_type=\"widget\" data-settings=\"{&quot;mf_input_name&quot;:&quot;Nom___Pr_nom&quot;}\" data-widget_type=\"mf-text.default\">\n\t\t\t\t<div className=\"elementor-widget-container\">\n\t\t\t\r\n\t\t<div className=\"mf-input-wrapper\">\r\n\t\t\t\t\t\t\t<label className=\"mf-input-label\" htmlFor=\"mf-input-text-d1daa5d\">\r\n\t\t\t\t\t${ parent.decodeEntities(`Nom &amp; Pr\u00e9nom`) } \t\t\t\t\t<span className=\"mf-input-required-indicator\">*<\/span>\r\n\t\t\t\t<\/label>\r\n\t\t\t\r\n\t\t\t<input\r\n\t\t\t\ttype=\"text\"\r\n\t\t\t\tclassName=\"mf-input \"\r\n\t\t\t\tid=\"mf-input-text-d1daa5d\"\r\n\t\t\t\tname=\"Nom___Pr_nom\"\r\n\t\t\t\tplaceholder=\"${ parent.decodeEntities(`Nom &amp; Pr\u00e9nom`) } \"\r\n\t\t\t\t\t\t\t\t\tonInput=${parent.handleChange}\r\n\t\t\t\t\tonBlur=${parent.handleChange}\r\n\t\t\t\t\taria-invalid=${validation.errors['Nom___Pr_nom'] ? 'true' : 'false'}\r\n\t\t\t\t\tref=${el =>{\r\n\t\t\t\t\t\t\t\t\t\t\t\tparent.activateValidation({\"message\":\"Ce champ est n\\u00e9cessaire.\",\"minLength\":1,\"maxLength\":\"\",\"type\":\"none\",\"required\":true,\"expression\":\"null\"}, el)\r\n\t\t\t\t\t}}\r\n\t\t\t\t\t\t\t\t\/>\r\n\r\n\t\t\t\t\t\t\t<${validation.ErrorMessage}\r\n\t\t\t\t\terrors=${validation.errors}\r\n\t\t\t\t\tname=\"Nom___Pr_nom\"\r\n\t\t\t\t\tas=${html`<span className=\"mf-error-message\"><\/span>`}\r\n\t\t\t\t\t\/>\r\n\t\t\t\r\n\t\t\t\t\t<\/div>\r\n\r\n\t\t\t\t<\/div>\n\t\t\t\t<\/div>\n\t\t\t\t<div className=\"elementor-element elementor-element-ce63e21 elementor-widget elementor-widget-mf-text\" data-id=\"ce63e21\" data-element_type=\"widget\" data-settings=\"{&quot;mf_input_name&quot;:&quot;commentaires&quot;}\" data-widget_type=\"mf-text.default\">\n\t\t\t\t<div className=\"elementor-widget-container\">\n\t\t\t\r\n\t\t<div className=\"mf-input-wrapper\">\r\n\t\t\t\t\t\t\t<label className=\"mf-input-label\" htmlFor=\"mf-input-text-ce63e21\">\r\n\t\t\t\t\t${ parent.decodeEntities(`commentaires`) } \t\t\t\t\t<span className=\"mf-input-required-indicator\"><\/span>\r\n\t\t\t\t<\/label>\r\n\t\t\t\r\n\t\t\t<input\r\n\t\t\t\ttype=\"text\"\r\n\t\t\t\tclassName=\"mf-input \"\r\n\t\t\t\tid=\"mf-input-text-ce63e21\"\r\n\t\t\t\tname=\"commentaires\"\r\n\t\t\t\tplaceholder=\"${ parent.decodeEntities(`commentaires`) } \"\r\n\t\t\t\t\t\t\t\t\tonInput=${parent.handleChange}\r\n\t\t\t\t\tonBlur=${parent.handleChange}\r\n\t\t\t\t\taria-invalid=${validation.errors['commentaires'] ? 'true' : 'false'}\r\n\t\t\t\t\tref=${el =>{\r\n\t\t\t\t\t\t\t\t\t\t\t\tparent.activateValidation({\"message\":\"Ce champ est n\\u00e9cessaire.\",\"minLength\":1,\"maxLength\":\"\",\"type\":\"none\",\"required\":false,\"expression\":\"null\"}, el)\r\n\t\t\t\t\t}}\r\n\t\t\t\t\t\t\t\t\/>\r\n\r\n\t\t\t\t\t\t\t<${validation.ErrorMessage}\r\n\t\t\t\t\terrors=${validation.errors}\r\n\t\t\t\t\tname=\"commentaires\"\r\n\t\t\t\t\tas=${html`<span className=\"mf-error-message\"><\/span>`}\r\n\t\t\t\t\t\/>\r\n\t\t\t\r\n\t\t\t\t\t<\/div>\r\n\r\n\t\t\t\t<\/div>\n\t\t\t\t<\/div>\n\t\t\t\t<div className=\"elementor-element elementor-element-d9f3a1b mf-btn--justify mf-btn--mobile-justify elementor-widget elementor-widget-mf-button\" data-id=\"d9f3a1b\" data-element_type=\"widget\" data-widget_type=\"mf-button.default\">\n\t\t\t\t<div className=\"elementor-widget-container\">\n\t\t\t\t\t<div className=\"mf-btn-wraper \" data-mf-form-conditional-logic-requirement=\"\">\r\n\t\t\t\t\t\t\t<button type=\"submit\" className=\"metform-btn metform-submit-btn \" id=\"\">\r\n\t\t\t\t\t<span>${ parent.decodeEntities(`Je r\u00e9serve ma consultation `) } <\/span>\r\n\t\t\t\t<\/button>\r\n\t\t\t        <\/div>\r\n        \t\t<\/div>\n\t\t\t\t<\/div>\n\t\t\t\t\t<\/div>\n\t\t<\/div>\n\t\t\t\t\t\t\t<\/div>\n\t\t<\/section>\n\t\t\t\t\t\t\t<\/div>\n\t\t\t\t\t\t\t`}\r\n\t\t\t\t\t<\/div>\r\n\r\n\t\t\t\t\t${is_dummy_markup ? message_position === 'bottom' ? props.ResponseDummyMarkup(message_successIcon, message_proClass) : '' : ''}\r\n\t\t\t\t\t${is_dummy_markup ? ' ' : message_position === 'bottom' ? props.SubmitResponseMarkup`${parent}${state}${message_successIcon}${message_errorIcon}${message_proClass}` : ''}\r\n\t\t\t\t\r\n\t\t\t\t<\/form>\r\n\t\t\t`\r\n\t\t<\/script>\r\n\r\n\t\t<\/div><\/div>\n\t\t\t\t<\/div>\n\t\t\t\t<\/div>\n\t\t\t\t\t<\/div>\n\t\t<\/div>\n\t\t\t\t<div class=\"elementor-column elementor-col-50 elementor-inner-column elementor-element elementor-element-8af26b0\" data-id=\"8af26b0\" data-element_type=\"column\">\n\t\t\t<div class=\"elementor-widget-wrap elementor-element-populated\">\n\t\t\t\t\t\t\t\t<div class=\"elementor-element elementor-element-0a9b0d8 elementor-widget elementor-widget-image\" data-id=\"0a9b0d8\" data-element_type=\"widget\" data-widget_type=\"image.default\">\n\t\t\t\t<div class=\"elementor-widget-container\">\n\t\t\t<style>\/*! elementor - v3.8.1 - 13-11-2022 *\/\n.elementor-widget-image{text-align:center}.elementor-widget-image a{display:inline-block}.elementor-widget-image a img[src$=\".svg\"]{width:48px}.elementor-widget-image img{vertical-align:middle;display:inline-block}<\/style>\t\t\t\t\t\t\t\t\t\t\t\t<img loading=\"lazy\" decoding=\"async\" width=\"1114\" height=\"1549\" src=\"https:\/\/epilaz.ma\/wp-content\/uploads\/2022\/06\/png3.png\" class=\"attachment-full size-full\" alt=\"\" srcset=\"https:\/\/epilaz.ma\/wp-content\/uploads\/2022\/06\/png3.png 1114w, https:\/\/epilaz.ma\/wp-content\/uploads\/2022\/06\/png3-216x300.png 216w, https:\/\/epilaz.ma\/wp-content\/uploads\/2022\/06\/png3-736x1024.png 736w, https:\/\/epilaz.ma\/wp-content\/uploads\/2022\/06\/png3-768x1068.png 768w, https:\/\/epilaz.ma\/wp-content\/uploads\/2022\/06\/png3-1105x1536.png 1105w\" sizes=\"auto, (max-width: 1114px) 100vw, 1114px\" \/>\t\t\t\t\t\t\t\t\t\t\t\t\t\t\t<\/div>\n\t\t\t\t<\/div>\n\t\t\t\t\t<\/div>\n\t\t<\/div>\n\t\t\t\t\t\t\t<\/div>\n\t\t<\/div>\n\t\t\t\t\t<\/div>\n\t\t<\/div>\n\t\t\t\t\t\t\t<\/div>\n\t\t<\/div>\n\t\t\t\t<div class=\"elementor-section elementor-top-section elementor-element elementor-element-183c411 elementor-section-full_width elementor-section-stretched elementor-section-height-default elementor-section-height-default\" data-id=\"183c411\" data-element_type=\"section\" data-settings=\"{&quot;stretch_section&quot;:&quot;section-stretched&quot;,&quot;background_background&quot;:&quot;classic&quot;}\">\n\t\t\t\t\t\t\t<div class=\"elementor-background-overlay\"><\/div>\n\t\t\t\t\t\t\t<div class=\"elementor-container elementor-column-gap-default\">\n\t\t\t\t\t<div class=\"elementor-column elementor-col-100 elementor-top-column elementor-element elementor-element-ce58f09\" data-id=\"ce58f09\" data-element_type=\"column\">\n\t\t\t<div class=\"elementor-widget-wrap\">\n\t\t\t\t\t\t\t\t\t<\/div>\n\t\t<\/div>\n\t\t\t\t\t\t\t<\/div>\n\t\t<\/div>\n\t\t\t\t\t\t\t<\/div>\n\t\t","protected":false},"excerpt":{"rendered":"","protected":false},"author":1,"featured_media":0,"parent":0,"menu_order":0,"comment_status":"closed","ping_status":"closed","template":"","meta":{"_acf_changed":false,"om_disable_all_campaigns":false,"_monsterinsights_skip_tracking":false,"_monsterinsights_sitenote_active":false,"_monsterinsights_sitenote_note":"","_monsterinsights_sitenote_category":0,"footnotes":""},"class_list":["post-4401","page","type-page","status-publish","hentry"],"acf":[],"aioseo_notices":[],"_links":{"self":[{"href":"https:\/\/epilaz.ma\/index.php\/wp-json\/wp\/v2\/pages\/4401","targetHints":{"allow":["GET"]}}],"collection":[{"href":"https:\/\/epilaz.ma\/index.php\/wp-json\/wp\/v2\/pages"}],"about":[{"href":"https:\/\/epilaz.ma\/index.php\/wp-json\/wp\/v2\/types\/page"}],"author":[{"embeddable":true,"href":"https:\/\/epilaz.ma\/index.php\/wp-json\/wp\/v2\/users\/1"}],"replies":[{"embeddable":true,"href":"https:\/\/epilaz.ma\/index.php\/wp-json\/wp\/v2\/comments?post=4401"}],"version-history":[{"count":24,"href":"https:\/\/epilaz.ma\/index.php\/wp-json\/wp\/v2\/pages\/4401\/revisions"}],"predecessor-version":[{"id":17070,"href":"https:\/\/epilaz.ma\/index.php\/wp-json\/wp\/v2\/pages\/4401\/revisions\/17070"}],"wp:attachment":[{"href":"https:\/\/epilaz.ma\/index.php\/wp-json\/wp\/v2\/media?parent=4401"}],"curies":[{"name":"wp","href":"https:\/\/api.w.org\/{rel}","templated":true}]}}