{"id":3494,"date":"2021-12-09T06:09:42","date_gmt":"2021-12-09T06:09:42","guid":{"rendered":"https:\/\/medicate.peacefulqode.com\/?page_id=3494"},"modified":"2022-07-12T19:51:33","modified_gmt":"2022-07-12T18:51:33","slug":"lipocavitation","status":"publish","type":"page","link":"https:\/\/epilaz.ma\/index.php\/lipocavitation\/","title":{"rendered":"Lipocavitation"},"content":{"rendered":"\t\t<div data-elementor-type=\"wp-page\" data-elementor-id=\"3494\" class=\"elementor elementor-3494\">\n\t\t\t\t\t\t\t\t\t<div class=\"elementor-section elementor-top-section elementor-element elementor-element-5256a7e elementor-section-stretched elementor-section-boxed elementor-section-height-default elementor-section-height-default\" data-id=\"5256a7e\" data-element_type=\"section\" data-settings=\"{&quot;stretch_section&quot;:&quot;section-stretched&quot;}\">\n\t\t\t\t\t\t<div class=\"elementor-container elementor-column-gap-default\">\n\t\t\t\t\t<div class=\"elementor-column elementor-col-33 elementor-top-column elementor-element elementor-element-1d1379c\" data-id=\"1d1379c\" data-element_type=\"column\">\n\t\t\t<div class=\"elementor-widget-wrap elementor-element-populated\">\n\t\t\t\t\t\t\t\t<div class=\"elementor-element elementor-element-ee0a014 elementor-widget elementor-widget-sidebar\" data-id=\"ee0a014\" data-element_type=\"widget\" data-widget_type=\"sidebar.default\">\n\t\t\t\t<div class=\"elementor-widget-container\">\n\t\t\t<div class=\"widget widget-port\"><div class=\"menu-service-menu-container\"><ul id=\"menu-service-menu\" class=\"menu\"><li id=\"menu-item-3759\" class=\"menu-item menu-item-type-post_type menu-item-object-page menu-item-3759\"><a href=\"https:\/\/epilaz.ma\/index.php\/epilation-au-laser\/\">Epilation Au Laser<\/a><\/li>\n<li id=\"menu-item-3761\" class=\"menu-item menu-item-type-post_type menu-item-object-page menu-item-3761\"><a href=\"https:\/\/epilaz.ma\/index.php\/lipocavitation\/\">Lipocavitation<\/a><\/li>\n<li id=\"menu-item-3762\" class=\"menu-item menu-item-type-post_type menu-item-object-page menu-item-3762\"><a href=\"https:\/\/epilaz.ma\/index.php\/radiofrequence\/\">Radiofr\u00e9quence<\/a><\/li>\n<li id=\"menu-item-16898\" class=\"menu-item menu-item-type-post_type menu-item-object-page menu-item-16898\"><a href=\"https:\/\/epilaz.ma\/index.php\/lipolaser\/\">Lipolaser<\/a><\/li>\n<li id=\"menu-item-16897\" class=\"menu-item menu-item-type-post_type menu-item-object-page menu-item-16897\"><a href=\"https:\/\/epilaz.ma\/index.php\/pressotherapie\/\">Pressotherapie<\/a><\/li>\n<li id=\"menu-item-16896\" class=\"menu-item menu-item-type-post_type menu-item-object-page menu-item-16896\"><a href=\"https:\/\/epilaz.ma\/index.php\/renforcement-musculaire-aux-electrodes\/\">Renforcement musculaire aux \u00e9lectrodes<\/a><\/li>\n<li id=\"menu-item-16895\" class=\"menu-item menu-item-type-post_type menu-item-object-page menu-item-16895\"><a href=\"https:\/\/epilaz.ma\/index.php\/lifting-colombien\/\">Lifting colombien<\/a><\/li>\n<li id=\"menu-item-16894\" class=\"menu-item menu-item-type-post_type menu-item-object-page menu-item-16894\"><a href=\"https:\/\/epilaz.ma\/index.php\/soins-visage\/\">Soins visage<\/a><\/li>\n<li id=\"menu-item-16902\" class=\"menu-item menu-item-type-post_type menu-item-object-page menu-item-16902\"><a href=\"https:\/\/epilaz.ma\/index.php\/bronzage-par-brumisation\/\">Bronzage par brumisation<\/a><\/li>\n<li id=\"menu-item-16892\" class=\"menu-item menu-item-type-post_type menu-item-object-page menu-item-16892\"><a href=\"https:\/\/epilaz.ma\/index.php\/blanchiment-dentaire\/\">Blanchiment dentaire<\/a><\/li>\n<\/ul><\/div><\/div><div class=\"widget widget-port\">\n<figure class=\"wp-block-image size-full is-style-default\"><a href=\"https:\/\/epilaz.ma\/index.php\/contactez-nous\/\"><img loading=\"lazy\" decoding=\"async\" width=\"600\" height=\"745\" src=\"https:\/\/epilaz.ma\/wp-content\/uploads\/2022\/06\/cover2.png\" alt=\"\" class=\"wp-image-16388\" srcset=\"https:\/\/epilaz.ma\/wp-content\/uploads\/2022\/06\/cover2.png 600w, https:\/\/epilaz.ma\/wp-content\/uploads\/2022\/06\/cover2-242x300.png 242w\" sizes=\"auto, (max-width: 600px) 100vw, 600px\" \/><\/a><\/figure>\n<\/div>\t\t<\/div>\n\t\t\t\t<\/div>\n\t\t\t\t\t<\/div>\n\t\t<\/div>\n\t\t\t\t<div class=\"elementor-column elementor-col-66 elementor-top-column elementor-element elementor-element-b67a8c8\" data-id=\"b67a8c8\" data-element_type=\"column\">\n\t\t\t<div class=\"elementor-widget-wrap elementor-element-populated\">\n\t\t\t\t\t\t\t\t<div class=\"elementor-element elementor-element-74f2325 elementor-widget elementor-widget-image\" data-id=\"74f2325\" data-element_type=\"widget\" data-widget_type=\"image.default\">\n\t\t\t\t<div class=\"elementor-widget-container\">\n\t\t\t<style>\/*! elementor - v3.8.1 - 13-11-2022 *\/\n.elementor-widget-image{text-align:center}.elementor-widget-image a{display:inline-block}.elementor-widget-image a img[src$=\".svg\"]{width:48px}.elementor-widget-image img{vertical-align:middle;display:inline-block}<\/style>\t\t\t\t\t\t\t\t\t\t\t\t<img loading=\"lazy\" decoding=\"async\" width=\"703\" height=\"618\" src=\"https:\/\/epilaz.ma\/wp-content\/uploads\/2022\/06\/lipoooo.png\" class=\"attachment-full size-full\" alt=\"\" srcset=\"https:\/\/epilaz.ma\/wp-content\/uploads\/2022\/06\/lipoooo.png 703w, https:\/\/epilaz.ma\/wp-content\/uploads\/2022\/06\/lipoooo-300x264.png 300w\" sizes=\"auto, (max-width: 703px) 100vw, 703px\" \/>\t\t\t\t\t\t\t\t\t\t\t\t\t\t\t<\/div>\n\t\t\t\t<\/div>\n\t\t\t\t<div class=\"elementor-element elementor-element-6c78655 elementor-widget elementor-widget-heading\" data-id=\"6c78655\" data-element_type=\"widget\" data-widget_type=\"heading.default\">\n\t\t\t\t<div class=\"elementor-widget-container\">\n\t\t\t<style>\/*! elementor - v3.8.1 - 13-11-2022 *\/\n.elementor-heading-title{padding:0;margin:0;line-height:1}.elementor-widget-heading .elementor-heading-title[class*=elementor-size-]>a{color:inherit;font-size:inherit;line-height:inherit}.elementor-widget-heading .elementor-heading-title.elementor-size-small{font-size:15px}.elementor-widget-heading .elementor-heading-title.elementor-size-medium{font-size:19px}.elementor-widget-heading .elementor-heading-title.elementor-size-large{font-size:29px}.elementor-widget-heading .elementor-heading-title.elementor-size-xl{font-size:39px}.elementor-widget-heading .elementor-heading-title.elementor-size-xxl{font-size:59px}<\/style><h4 class=\"elementor-heading-title elementor-size-default\">Quels sont les r\u00e9sultats de la lipocavitation ?<\/h4>\t\t<\/div>\n\t\t\t\t<\/div>\n\t\t\t\t<div class=\"elementor-element elementor-element-1332a81 elementor-widget elementor-widget-text-editor\" data-id=\"1332a81\" data-element_type=\"widget\" data-widget_type=\"text-editor.default\">\n\t\t\t\t<div class=\"elementor-widget-container\">\n\t\t\t<style>\/*! elementor - v3.8.1 - 13-11-2022 *\/\n.elementor-widget-text-editor.elementor-drop-cap-view-stacked .elementor-drop-cap{background-color:#818a91;color:#fff}.elementor-widget-text-editor.elementor-drop-cap-view-framed .elementor-drop-cap{color:#818a91;border:3px solid;background-color:transparent}.elementor-widget-text-editor:not(.elementor-drop-cap-view-default) .elementor-drop-cap{margin-top:8px}.elementor-widget-text-editor:not(.elementor-drop-cap-view-default) .elementor-drop-cap-letter{width:1em;height:1em}.elementor-widget-text-editor .elementor-drop-cap{float:left;text-align:center;line-height:1;font-size:50px}.elementor-widget-text-editor .elementor-drop-cap-letter{display:inline-block}<\/style>\t\t\t\t<p>Perte de centim\u00e8tre au niveau de la zone trait\u00e9e<br \/>R\u00e9duction de la cellulite<br \/>Raffermissement de la peau<br \/>Activation de la circulation sanguine<br \/>Les r\u00e9sultats commencent \u00e0 \u00eatre visibles \u00e0 la suite de la 1\u02b3\u1d49 s\u00e9ance, mais c&rsquo;est \u00e0 partir de la 2\u1d49 \u2013 3\u1d49 s\u00e9ance que les r\u00e9sultats sont plus visibles.<\/p>\t\t\t\t\t\t<\/div>\n\t\t\t\t<\/div>\n\t\t\t\t<div class=\"elementor-section elementor-inner-section elementor-element elementor-element-eb72f53 elementor-section-boxed elementor-section-height-default elementor-section-height-default\" data-id=\"eb72f53\" data-element_type=\"section\">\n\t\t\t\t\t\t<div class=\"elementor-container elementor-column-gap-default\">\n\t\t\t\t\t<div class=\"elementor-column elementor-col-100 elementor-inner-column elementor-element elementor-element-ddf1008\" data-id=\"ddf1008\" data-element_type=\"column\">\n\t\t\t<div class=\"elementor-widget-wrap elementor-element-populated\">\n\t\t\t\t\t\t\t\t<div class=\"elementor-element elementor-element-68f3786 elementor-widget elementor-widget-heading\" data-id=\"68f3786\" data-element_type=\"widget\" data-widget_type=\"heading.default\">\n\t\t\t\t<div class=\"elementor-widget-container\">\n\t\t\t<h4 class=\"elementor-heading-title elementor-size-default\">Quelles zones traiter avec la lipocavitation ?<\/h4>\t\t<\/div>\n\t\t\t\t<\/div>\n\t\t\t\t<div class=\"elementor-element elementor-element-3a8cfb6 elementor-widget elementor-widget-image\" data-id=\"3a8cfb6\" data-element_type=\"widget\" data-widget_type=\"image.default\">\n\t\t\t\t<div class=\"elementor-widget-container\">\n\t\t\t\t\t\t\t\t\t\t\t\t\t\t\t<img loading=\"lazy\" decoding=\"async\" width=\"573\" height=\"605\" src=\"https:\/\/epilaz.ma\/wp-content\/uploads\/2022\/06\/cryo-zones.png\" class=\"attachment-full size-full\" alt=\"\" srcset=\"https:\/\/epilaz.ma\/wp-content\/uploads\/2022\/06\/cryo-zones.png 573w, https:\/\/epilaz.ma\/wp-content\/uploads\/2022\/06\/cryo-zones-284x300.png 284w\" sizes=\"auto, (max-width: 573px) 100vw, 573px\" \/>\t\t\t\t\t\t\t\t\t\t\t\t\t\t\t<\/div>\n\t\t\t\t<\/div>\n\t\t\t\t<div class=\"elementor-element elementor-element-167e570 elementor-widget elementor-widget-heading\" data-id=\"167e570\" data-element_type=\"widget\" data-widget_type=\"heading.default\">\n\t\t\t\t<div class=\"elementor-widget-container\">\n\t\t\t<h4 class=\"elementor-heading-title elementor-size-default\">La lipocavitation peut \u00eatre pratiqu\u00e9e sur de nombreuses zones du corps. Les zones trait\u00e9es en lipocavitation sont :<\/h4>\t\t<\/div>\n\t\t\t\t<\/div>\n\t\t\t\t<div class=\"elementor-element elementor-element-bcef74e elementor-icon-list--layout-traditional elementor-list-item-link-full_width elementor-widget elementor-widget-icon-list\" data-id=\"bcef74e\" data-element_type=\"widget\" data-widget_type=\"icon-list.default\">\n\t\t\t\t<div class=\"elementor-widget-container\">\n\t\t\t<link rel=\"stylesheet\" href=\"https:\/\/epilaz.ma\/wp-content\/plugins\/elementor\/assets\/css\/widget-icon-list.min.css\">\t\t<ul class=\"elementor-icon-list-items\">\n\t\t\t\t\t\t\t<li class=\"elementor-icon-list-item\">\n\t\t\t\t\t\t\t\t\t\t\t<span class=\"elementor-icon-list-icon\">\n\t\t\t\t\t\t\t<i aria-hidden=\"true\" class=\"fas fa-check\"><\/i>\t\t\t\t\t\t<\/span>\n\t\t\t\t\t\t\t\t\t\t<span class=\"elementor-icon-list-text\">Le ventre<\/span>\n\t\t\t\t\t\t\t\t\t<\/li>\n\t\t\t\t\t\t\t\t<li class=\"elementor-icon-list-item\">\n\t\t\t\t\t\t\t\t\t\t\t<span class=\"elementor-icon-list-icon\">\n\t\t\t\t\t\t\t<i aria-hidden=\"true\" class=\"fas fa-check\"><\/i>\t\t\t\t\t\t<\/span>\n\t\t\t\t\t\t\t\t\t\t<span class=\"elementor-icon-list-text\">Les fesses<\/span>\n\t\t\t\t\t\t\t\t\t<\/li>\n\t\t\t\t\t\t\t\t<li class=\"elementor-icon-list-item\">\n\t\t\t\t\t\t\t\t\t\t\t<span class=\"elementor-icon-list-icon\">\n\t\t\t\t\t\t\t<i aria-hidden=\"true\" class=\"fas fa-check\"><\/i>\t\t\t\t\t\t<\/span>\n\t\t\t\t\t\t\t\t\t\t<span class=\"elementor-icon-list-text\">Les cuisses<\/span>\n\t\t\t\t\t\t\t\t\t<\/li>\n\t\t\t\t\t\t\t\t<li class=\"elementor-icon-list-item\">\n\t\t\t\t\t\t\t\t\t\t\t<span class=\"elementor-icon-list-icon\">\n\t\t\t\t\t\t\t<i aria-hidden=\"true\" class=\"fas fa-check\"><\/i>\t\t\t\t\t\t<\/span>\n\t\t\t\t\t\t\t\t\t\t<span class=\"elementor-icon-list-text\">La culotte de cheval<\/span>\n\t\t\t\t\t\t\t\t\t<\/li>\n\t\t\t\t\t\t\t\t<li class=\"elementor-icon-list-item\">\n\t\t\t\t\t\t\t\t\t\t\t<span class=\"elementor-icon-list-icon\">\n\t\t\t\t\t\t\t<i aria-hidden=\"true\" class=\"fas fa-check\"><\/i>\t\t\t\t\t\t<\/span>\n\t\t\t\t\t\t\t\t\t\t<span class=\"elementor-icon-list-text\">Les hanches <\/span>\n\t\t\t\t\t\t\t\t\t<\/li>\n\t\t\t\t\t\t\t\t<li class=\"elementor-icon-list-item\">\n\t\t\t\t\t\t\t\t\t\t\t<span class=\"elementor-icon-list-icon\">\n\t\t\t\t\t\t\t<i aria-hidden=\"true\" class=\"fas fa-check\"><\/i>\t\t\t\t\t\t<\/span>\n\t\t\t\t\t\t\t\t\t\t<span class=\"elementor-icon-list-text\">Les poign\u00e9es d'amour<\/span>\n\t\t\t\t\t\t\t\t\t<\/li>\n\t\t\t\t\t\t\t\t<li class=\"elementor-icon-list-item\">\n\t\t\t\t\t\t\t\t\t\t\t<span class=\"elementor-icon-list-icon\">\n\t\t\t\t\t\t\t<i aria-hidden=\"true\" class=\"fas fa-check\"><\/i>\t\t\t\t\t\t<\/span>\n\t\t\t\t\t\t\t\t\t\t<span class=\"elementor-icon-list-text\">Les genoux<\/span>\n\t\t\t\t\t\t\t\t\t<\/li>\n\t\t\t\t\t\t\t\t<li class=\"elementor-icon-list-item\">\n\t\t\t\t\t\t\t\t\t\t\t<span class=\"elementor-icon-list-icon\">\n\t\t\t\t\t\t\t<i aria-hidden=\"true\" class=\"fas fa-check\"><\/i>\t\t\t\t\t\t<\/span>\n\t\t\t\t\t\t\t\t\t\t<span class=\"elementor-icon-list-text\">Les bras<\/span>\n\t\t\t\t\t\t\t\t\t<\/li>\n\t\t\t\t\t\t\t\t<li class=\"elementor-icon-list-item\">\n\t\t\t\t\t\t\t\t\t\t\t<span class=\"elementor-icon-list-icon\">\n\t\t\t\t\t\t\t<i aria-hidden=\"true\" class=\"fas fa-check\"><\/i>\t\t\t\t\t\t<\/span>\n\t\t\t\t\t\t\t\t\t\t<span class=\"elementor-icon-list-text\">Le dos<\/span>\n\t\t\t\t\t\t\t\t\t<\/li>\n\t\t\t\t\t\t<\/ul>\n\t\t\t\t<\/div>\n\t\t\t\t<\/div>\n\t\t\t\t<div class=\"elementor-element elementor-element-f19403d elementor-widget elementor-widget-text-editor\" data-id=\"f19403d\" data-element_type=\"widget\" data-widget_type=\"text-editor.default\">\n\t\t\t\t<div class=\"elementor-widget-container\">\n\t\t\t\t\t\t\t<p>Notez que la lipocavitation s&rsquo;applique aussi bien aux femmes qu\u2019aux hommes.<\/p>\t\t\t\t\t\t<\/div>\n\t\t\t\t<\/div>\n\t\t\t\t<div class=\"elementor-element elementor-element-83bd22e elementor-widget elementor-widget-heading\" data-id=\"83bd22e\" data-element_type=\"widget\" data-widget_type=\"heading.default\">\n\t\t\t\t<div class=\"elementor-widget-container\">\n\t\t\t<h4 class=\"elementor-heading-title elementor-size-default\">Informations pratiques<\/h4>\t\t<\/div>\n\t\t\t\t<\/div>\n\t\t\t\t<div class=\"elementor-element elementor-element-b875048 elementor-widget elementor-widget-text-editor\" data-id=\"b875048\" data-element_type=\"widget\" data-widget_type=\"text-editor.default\">\n\t\t\t\t<div class=\"elementor-widget-container\">\n\t\t\t\t\t\t\t<p>Nous r\u00e9alisons un bilan d\u00e9taill\u00e9 lors de la premi\u00e8re s\u00e9ance pour d\u00e9terminer le programme sur mesure, adapt\u00e9 \u00e0 vos besoins et \u00e0 vos objectifs.<\/p><p>Une s\u00e9ance de lipocavitation dure 30 min environ.<\/p>\t\t\t\t\t\t<\/div>\n\t\t\t\t<\/div>\n\t\t\t\t\t<\/div>\n\t\t<\/div>\n\t\t\t\t\t\t\t<\/div>\n\t\t<\/div>\n\t\t\t\t\t<\/div>\n\t\t<\/div>\n\t\t\t\t\t\t\t<\/div>\n\t\t<\/div>\n\t\t\t\t\t\t\t<\/div>\n\t\t","protected":false},"excerpt":{"rendered":"<p>Quels sont les r\u00e9sultats de la lipocavitation ? Perte de centim\u00e8tre au niveau de la zone trait\u00e9eR\u00e9duction de la celluliteRaffermissement de la peauActivation de la circulation sanguineLes r\u00e9sultats commencent \u00e0 \u00eatre visibles \u00e0 la suite de la 1\u02b3\u1d49 s\u00e9ance, mais c&rsquo;est \u00e0 partir de la 2\u1d49 \u2013 3\u1d49 s\u00e9ance que les r\u00e9sultats sont plus visibles. [&hellip;]<\/p>\n","protected":false},"author":1,"featured_media":0,"parent":0,"menu_order":0,"comment_status":"closed","ping_status":"closed","template":"","meta":{"_acf_changed":false,"om_disable_all_campaigns":false,"_monsterinsights_skip_tracking":false,"_monsterinsights_sitenote_active":false,"_monsterinsights_sitenote_note":"","_monsterinsights_sitenote_category":0,"footnotes":""},"class_list":["post-3494","page","type-page","status-publish","hentry"],"acf":[],"aioseo_notices":[],"_links":{"self":[{"href":"https:\/\/epilaz.ma\/index.php\/wp-json\/wp\/v2\/pages\/3494","targetHints":{"allow":["GET"]}}],"collection":[{"href":"https:\/\/epilaz.ma\/index.php\/wp-json\/wp\/v2\/pages"}],"about":[{"href":"https:\/\/epilaz.ma\/index.php\/wp-json\/wp\/v2\/types\/page"}],"author":[{"embeddable":true,"href":"https:\/\/epilaz.ma\/index.php\/wp-json\/wp\/v2\/users\/1"}],"replies":[{"embeddable":true,"href":"https:\/\/epilaz.ma\/index.php\/wp-json\/wp\/v2\/comments?post=3494"}],"version-history":[{"count":23,"href":"https:\/\/epilaz.ma\/index.php\/wp-json\/wp\/v2\/pages\/3494\/revisions"}],"predecessor-version":[{"id":16848,"href":"https:\/\/epilaz.ma\/index.php\/wp-json\/wp\/v2\/pages\/3494\/revisions\/16848"}],"wp:attachment":[{"href":"https:\/\/epilaz.ma\/index.php\/wp-json\/wp\/v2\/media?parent=3494"}],"curies":[{"name":"wp","href":"https:\/\/api.w.org\/{rel}","templated":true}]}}