{"id":16794,"date":"2022-07-12T19:30:48","date_gmt":"2022-07-12T18:30:48","guid":{"rendered":"https:\/\/epilaz.ma\/?page_id=16794"},"modified":"2022-07-12T20:01:01","modified_gmt":"2022-07-12T19:01:01","slug":"blanchiment-dentaire","status":"publish","type":"page","link":"https:\/\/epilaz.ma\/index.php\/blanchiment-dentaire\/","title":{"rendered":"Blanchiment dentaire"},"content":{"rendered":"\t\t<div data-elementor-type=\"wp-page\" data-elementor-id=\"16794\" class=\"elementor elementor-16794\">\n\t\t\t\t\t\t\t\t\t<div class=\"elementor-section elementor-top-section elementor-element elementor-element-bbf3678 elementor-section-stretched elementor-section-boxed elementor-section-height-default elementor-section-height-default\" data-id=\"bbf3678\" data-element_type=\"section\" data-settings=\"{&quot;stretch_section&quot;:&quot;section-stretched&quot;}\">\n\t\t\t\t\t\t<div class=\"elementor-container elementor-column-gap-default\">\n\t\t\t\t\t<div class=\"elementor-column elementor-col-33 elementor-top-column elementor-element elementor-element-5629b5f\" data-id=\"5629b5f\" data-element_type=\"column\">\n\t\t\t<div class=\"elementor-widget-wrap elementor-element-populated\">\n\t\t\t\t\t\t\t\t<div class=\"elementor-element elementor-element-dfe09a6 elementor-widget elementor-widget-sidebar\" data-id=\"dfe09a6\" data-element_type=\"widget\" data-widget_type=\"sidebar.default\">\n\t\t\t\t<div class=\"elementor-widget-container\">\n\t\t\t<div class=\"widget widget-port\"><div class=\"menu-service-menu-container\"><ul id=\"menu-service-menu\" class=\"menu\"><li id=\"menu-item-3759\" class=\"menu-item menu-item-type-post_type menu-item-object-page menu-item-3759\"><a href=\"https:\/\/epilaz.ma\/index.php\/epilation-au-laser\/\">Epilation Au Laser<\/a><\/li>\n<li id=\"menu-item-3761\" class=\"menu-item menu-item-type-post_type menu-item-object-page menu-item-3761\"><a href=\"https:\/\/epilaz.ma\/index.php\/lipocavitation\/\">Lipocavitation<\/a><\/li>\n<li id=\"menu-item-3762\" class=\"menu-item menu-item-type-post_type menu-item-object-page menu-item-3762\"><a href=\"https:\/\/epilaz.ma\/index.php\/radiofrequence\/\">Radiofr\u00e9quence<\/a><\/li>\n<li id=\"menu-item-16898\" class=\"menu-item menu-item-type-post_type menu-item-object-page menu-item-16898\"><a href=\"https:\/\/epilaz.ma\/index.php\/lipolaser\/\">Lipolaser<\/a><\/li>\n<li id=\"menu-item-16897\" class=\"menu-item menu-item-type-post_type menu-item-object-page menu-item-16897\"><a href=\"https:\/\/epilaz.ma\/index.php\/pressotherapie\/\">Pressotherapie<\/a><\/li>\n<li id=\"menu-item-16896\" class=\"menu-item menu-item-type-post_type menu-item-object-page menu-item-16896\"><a href=\"https:\/\/epilaz.ma\/index.php\/renforcement-musculaire-aux-electrodes\/\">Renforcement musculaire aux \u00e9lectrodes<\/a><\/li>\n<li id=\"menu-item-16895\" class=\"menu-item menu-item-type-post_type menu-item-object-page menu-item-16895\"><a href=\"https:\/\/epilaz.ma\/index.php\/lifting-colombien\/\">Lifting colombien<\/a><\/li>\n<li id=\"menu-item-16894\" class=\"menu-item menu-item-type-post_type menu-item-object-page menu-item-16894\"><a href=\"https:\/\/epilaz.ma\/index.php\/soins-visage\/\">Soins visage<\/a><\/li>\n<li id=\"menu-item-16902\" class=\"menu-item menu-item-type-post_type menu-item-object-page menu-item-16902\"><a href=\"https:\/\/epilaz.ma\/index.php\/bronzage-par-brumisation\/\">Bronzage par brumisation<\/a><\/li>\n<li id=\"menu-item-16892\" class=\"menu-item menu-item-type-post_type menu-item-object-page menu-item-16892\"><a href=\"https:\/\/epilaz.ma\/index.php\/blanchiment-dentaire\/\">Blanchiment dentaire<\/a><\/li>\n<\/ul><\/div><\/div><div class=\"widget widget-port\">\n<figure class=\"wp-block-image size-full is-style-default\"><a href=\"https:\/\/epilaz.ma\/index.php\/contactez-nous\/\"><img loading=\"lazy\" decoding=\"async\" width=\"600\" height=\"745\" src=\"https:\/\/epilaz.ma\/wp-content\/uploads\/2022\/06\/cover2.png\" alt=\"\" class=\"wp-image-16388\" srcset=\"https:\/\/epilaz.ma\/wp-content\/uploads\/2022\/06\/cover2.png 600w, https:\/\/epilaz.ma\/wp-content\/uploads\/2022\/06\/cover2-242x300.png 242w\" sizes=\"auto, (max-width: 600px) 100vw, 600px\" \/><\/a><\/figure>\n<\/div>\t\t<\/div>\n\t\t\t\t<\/div>\n\t\t\t\t\t<\/div>\n\t\t<\/div>\n\t\t\t\t<div class=\"elementor-column elementor-col-66 elementor-top-column elementor-element elementor-element-e14a60d\" data-id=\"e14a60d\" data-element_type=\"column\">\n\t\t\t<div class=\"elementor-widget-wrap elementor-element-populated\">\n\t\t\t\t\t\t\t\t<div class=\"elementor-element elementor-element-69ceeaa elementor-widget elementor-widget-image\" data-id=\"69ceeaa\" data-element_type=\"widget\" data-widget_type=\"image.default\">\n\t\t\t\t<div class=\"elementor-widget-container\">\n\t\t\t<style>\/*! elementor - v3.8.1 - 13-11-2022 *\/\n.elementor-widget-image{text-align:center}.elementor-widget-image a{display:inline-block}.elementor-widget-image a img[src$=\".svg\"]{width:48px}.elementor-widget-image img{vertical-align:middle;display:inline-block}<\/style>\t\t\t\t\t\t\t\t\t\t\t\t<img loading=\"lazy\" decoding=\"async\" width=\"400\" height=\"339\" src=\"https:\/\/epilaz.ma\/wp-content\/uploads\/2022\/07\/dentist-with-smile.png\" class=\"attachment-full size-full\" alt=\"\" srcset=\"https:\/\/epilaz.ma\/wp-content\/uploads\/2022\/07\/dentist-with-smile.png 400w, https:\/\/epilaz.ma\/wp-content\/uploads\/2022\/07\/dentist-with-smile-300x254.png 300w\" sizes=\"auto, (max-width: 400px) 100vw, 400px\" \/>\t\t\t\t\t\t\t\t\t\t\t\t\t\t\t<\/div>\n\t\t\t\t<\/div>\n\t\t\t\t<div class=\"elementor-element elementor-element-bc735e6 elementor-widget elementor-widget-heading\" data-id=\"bc735e6\" data-element_type=\"widget\" data-widget_type=\"heading.default\">\n\t\t\t\t<div class=\"elementor-widget-container\">\n\t\t\t<style>\/*! elementor - v3.8.1 - 13-11-2022 *\/\n.elementor-heading-title{padding:0;margin:0;line-height:1}.elementor-widget-heading .elementor-heading-title[class*=elementor-size-]>a{color:inherit;font-size:inherit;line-height:inherit}.elementor-widget-heading .elementor-heading-title.elementor-size-small{font-size:15px}.elementor-widget-heading .elementor-heading-title.elementor-size-medium{font-size:19px}.elementor-widget-heading .elementor-heading-title.elementor-size-large{font-size:29px}.elementor-widget-heading .elementor-heading-title.elementor-size-xl{font-size:39px}.elementor-widget-heading .elementor-heading-title.elementor-size-xxl{font-size:59px}<\/style><h4 class=\"elementor-heading-title elementor-size-default\">Blanchiment dentaire\n<\/h4>\t\t<\/div>\n\t\t\t\t<\/div>\n\t\t\t\t<div class=\"elementor-element elementor-element-6e80e77 elementor-widget elementor-widget-text-editor\" data-id=\"6e80e77\" data-element_type=\"widget\" data-widget_type=\"text-editor.default\">\n\t\t\t\t<div class=\"elementor-widget-container\">\n\t\t\t<style>\/*! elementor - v3.8.1 - 13-11-2022 *\/\n.elementor-widget-text-editor.elementor-drop-cap-view-stacked .elementor-drop-cap{background-color:#818a91;color:#fff}.elementor-widget-text-editor.elementor-drop-cap-view-framed .elementor-drop-cap{color:#818a91;border:3px solid;background-color:transparent}.elementor-widget-text-editor:not(.elementor-drop-cap-view-default) .elementor-drop-cap{margin-top:8px}.elementor-widget-text-editor:not(.elementor-drop-cap-view-default) .elementor-drop-cap-letter{width:1em;height:1em}.elementor-widget-text-editor .elementor-drop-cap{float:left;text-align:center;line-height:1;font-size:50px}.elementor-widget-text-editor .elementor-drop-cap-letter{display:inline-block}<\/style>\t\t\t\t<p>Meilleur Blanchiment dentaire \u00e0 Casablanca<br \/>Au fil des ans et la consommation de caf\u00e9, th\u00e9, vin rouge et tabac, les dents peuvent devenir jaun\u00e2tres ou brun\u00e2tres. Souvent, ce processus est r\u00e9versible et un blanchiment des dents restaure la brillance \u00e0 votre sourire.<\/p>\t\t\t\t\t\t<\/div>\n\t\t\t\t<\/div>\n\t\t\t\t\t<\/div>\n\t\t<\/div>\n\t\t\t\t\t\t\t<\/div>\n\t\t<\/div>\n\t\t\t\t\t\t\t<\/div>\n\t\t","protected":false},"excerpt":{"rendered":"<p>Blanchiment dentaire Meilleur Blanchiment dentaire \u00e0 CasablancaAu fil des ans et la consommation de caf\u00e9, th\u00e9, vin rouge et tabac, les dents peuvent devenir jaun\u00e2tres ou brun\u00e2tres. Souvent, ce processus est r\u00e9versible et un blanchiment des dents restaure la brillance \u00e0 votre sourire.<\/p>\n","protected":false},"author":1,"featured_media":0,"parent":0,"menu_order":0,"comment_status":"closed","ping_status":"closed","template":"","meta":{"_acf_changed":false,"om_disable_all_campaigns":false,"_monsterinsights_skip_tracking":false,"_monsterinsights_sitenote_active":false,"_monsterinsights_sitenote_note":"","_monsterinsights_sitenote_category":0,"footnotes":""},"class_list":["post-16794","page","type-page","status-publish","hentry"],"acf":[],"aioseo_notices":[],"_links":{"self":[{"href":"https:\/\/epilaz.ma\/index.php\/wp-json\/wp\/v2\/pages\/16794","targetHints":{"allow":["GET"]}}],"collection":[{"href":"https:\/\/epilaz.ma\/index.php\/wp-json\/wp\/v2\/pages"}],"about":[{"href":"https:\/\/epilaz.ma\/index.php\/wp-json\/wp\/v2\/types\/page"}],"author":[{"embeddable":true,"href":"https:\/\/epilaz.ma\/index.php\/wp-json\/wp\/v2\/users\/1"}],"replies":[{"embeddable":true,"href":"https:\/\/epilaz.ma\/index.php\/wp-json\/wp\/v2\/comments?post=16794"}],"version-history":[{"count":7,"href":"https:\/\/epilaz.ma\/index.php\/wp-json\/wp\/v2\/pages\/16794\/revisions"}],"predecessor-version":[{"id":16878,"href":"https:\/\/epilaz.ma\/index.php\/wp-json\/wp\/v2\/pages\/16794\/revisions\/16878"}],"wp:attachment":[{"href":"https:\/\/epilaz.ma\/index.php\/wp-json\/wp\/v2\/media?parent=16794"}],"curies":[{"name":"wp","href":"https:\/\/api.w.org\/{rel}","templated":true}]}}