{"id":16792,"date":"2022-07-12T19:30:25","date_gmt":"2022-07-12T18:30:25","guid":{"rendered":"https:\/\/epilaz.ma\/?page_id=16792"},"modified":"2022-07-12T20:00:14","modified_gmt":"2022-07-12T19:00:14","slug":"bronzage-par-brumisation","status":"publish","type":"page","link":"https:\/\/epilaz.ma\/index.php\/bronzage-par-brumisation\/","title":{"rendered":"Bronzage par brumisation"},"content":{"rendered":"\t\t<div data-elementor-type=\"wp-page\" data-elementor-id=\"16792\" class=\"elementor elementor-16792\">\n\t\t\t\t\t\t\t\t\t<div class=\"elementor-section elementor-top-section elementor-element elementor-element-1beb870 elementor-section-stretched elementor-hidden-desktop elementor-hidden-tablet elementor-hidden-mobile elementor-section-boxed elementor-section-height-default elementor-section-height-default\" data-id=\"1beb870\" data-element_type=\"section\" data-settings=\"{&quot;stretch_section&quot;:&quot;section-stretched&quot;}\">\n\t\t\t\t\t\t<div class=\"elementor-container elementor-column-gap-default\">\n\t\t\t\t\t<div class=\"elementor-column elementor-col-33 elementor-top-column elementor-element elementor-element-53642c8\" data-id=\"53642c8\" data-element_type=\"column\">\n\t\t\t<div class=\"elementor-widget-wrap elementor-element-populated\">\n\t\t\t\t\t\t\t\t<div class=\"elementor-element elementor-element-6aa7ec4 elementor-widget elementor-widget-sidebar\" data-id=\"6aa7ec4\" data-element_type=\"widget\" data-widget_type=\"sidebar.default\">\n\t\t\t\t<div class=\"elementor-widget-container\">\n\t\t\t<div class=\"widget widget-port\"><div class=\"menu-service-menu-container\"><ul id=\"menu-service-menu\" class=\"menu\"><li id=\"menu-item-3759\" class=\"menu-item menu-item-type-post_type menu-item-object-page menu-item-3759\"><a href=\"https:\/\/epilaz.ma\/index.php\/epilation-au-laser\/\">Epilation Au Laser<\/a><\/li>\n<li id=\"menu-item-3761\" class=\"menu-item menu-item-type-post_type menu-item-object-page menu-item-3761\"><a href=\"https:\/\/epilaz.ma\/index.php\/lipocavitation\/\">Lipocavitation<\/a><\/li>\n<li id=\"menu-item-3762\" class=\"menu-item menu-item-type-post_type menu-item-object-page menu-item-3762\"><a href=\"https:\/\/epilaz.ma\/index.php\/radiofrequence\/\">Radiofr\u00e9quence<\/a><\/li>\n<li id=\"menu-item-16898\" class=\"menu-item menu-item-type-post_type menu-item-object-page menu-item-16898\"><a href=\"https:\/\/epilaz.ma\/index.php\/lipolaser\/\">Lipolaser<\/a><\/li>\n<li id=\"menu-item-16897\" class=\"menu-item menu-item-type-post_type menu-item-object-page menu-item-16897\"><a href=\"https:\/\/epilaz.ma\/index.php\/pressotherapie\/\">Pressotherapie<\/a><\/li>\n<li id=\"menu-item-16896\" class=\"menu-item menu-item-type-post_type menu-item-object-page menu-item-16896\"><a href=\"https:\/\/epilaz.ma\/index.php\/renforcement-musculaire-aux-electrodes\/\">Renforcement musculaire aux \u00e9lectrodes<\/a><\/li>\n<li id=\"menu-item-16895\" class=\"menu-item menu-item-type-post_type menu-item-object-page menu-item-16895\"><a href=\"https:\/\/epilaz.ma\/index.php\/lifting-colombien\/\">Lifting colombien<\/a><\/li>\n<li id=\"menu-item-16894\" class=\"menu-item menu-item-type-post_type menu-item-object-page menu-item-16894\"><a href=\"https:\/\/epilaz.ma\/index.php\/soins-visage\/\">Soins visage<\/a><\/li>\n<li id=\"menu-item-16902\" class=\"menu-item menu-item-type-post_type menu-item-object-page menu-item-16902\"><a href=\"https:\/\/epilaz.ma\/index.php\/bronzage-par-brumisation\/\">Bronzage par brumisation<\/a><\/li>\n<li id=\"menu-item-16892\" class=\"menu-item menu-item-type-post_type menu-item-object-page menu-item-16892\"><a href=\"https:\/\/epilaz.ma\/index.php\/blanchiment-dentaire\/\">Blanchiment dentaire<\/a><\/li>\n<\/ul><\/div><\/div><div class=\"widget widget-port\">\n<figure class=\"wp-block-image size-full is-style-default\"><a href=\"https:\/\/epilaz.ma\/index.php\/contactez-nous\/\"><img loading=\"lazy\" decoding=\"async\" width=\"600\" height=\"745\" src=\"https:\/\/epilaz.ma\/wp-content\/uploads\/2022\/06\/cover2.png\" alt=\"\" class=\"wp-image-16388\" srcset=\"https:\/\/epilaz.ma\/wp-content\/uploads\/2022\/06\/cover2.png 600w, https:\/\/epilaz.ma\/wp-content\/uploads\/2022\/06\/cover2-242x300.png 242w\" sizes=\"auto, (max-width: 600px) 100vw, 600px\" \/><\/a><\/figure>\n<\/div>\t\t<\/div>\n\t\t\t\t<\/div>\n\t\t\t\t\t<\/div>\n\t\t<\/div>\n\t\t\t\t<div class=\"elementor-column elementor-col-66 elementor-top-column elementor-element elementor-element-472200f\" data-id=\"472200f\" data-element_type=\"column\">\n\t\t\t<div class=\"elementor-widget-wrap elementor-element-populated\">\n\t\t\t\t\t\t\t\t<div class=\"elementor-element elementor-element-ed921f8 elementor-widget elementor-widget-image\" data-id=\"ed921f8\" data-element_type=\"widget\" data-widget_type=\"image.default\">\n\t\t\t\t<div class=\"elementor-widget-container\">\n\t\t\t<style>\/*! elementor - v3.8.1 - 13-11-2022 *\/\n.elementor-widget-image{text-align:center}.elementor-widget-image a{display:inline-block}.elementor-widget-image a img[src$=\".svg\"]{width:48px}.elementor-widget-image img{vertical-align:middle;display:inline-block}<\/style>\t\t\t\t\t\t\t\t\t\t\t\t<img loading=\"lazy\" decoding=\"async\" width=\"703\" height=\"618\" src=\"https:\/\/epilaz.ma\/wp-content\/uploads\/2022\/06\/eppiillaattiiioonn.png\" class=\"attachment-full size-full\" alt=\"\" srcset=\"https:\/\/epilaz.ma\/wp-content\/uploads\/2022\/06\/eppiillaattiiioonn.png 703w, https:\/\/epilaz.ma\/wp-content\/uploads\/2022\/06\/eppiillaattiiioonn-300x264.png 300w\" sizes=\"auto, (max-width: 703px) 100vw, 703px\" \/>\t\t\t\t\t\t\t\t\t\t\t\t\t\t\t<\/div>\n\t\t\t\t<\/div>\n\t\t\t\t<div class=\"elementor-element elementor-element-1e37b76 elementor-widget elementor-widget-heading\" data-id=\"1e37b76\" data-element_type=\"widget\" data-widget_type=\"heading.default\">\n\t\t\t\t<div class=\"elementor-widget-container\">\n\t\t\t<style>\/*! elementor - v3.8.1 - 13-11-2022 *\/\n.elementor-heading-title{padding:0;margin:0;line-height:1}.elementor-widget-heading .elementor-heading-title[class*=elementor-size-]>a{color:inherit;font-size:inherit;line-height:inherit}.elementor-widget-heading .elementor-heading-title.elementor-size-small{font-size:15px}.elementor-widget-heading .elementor-heading-title.elementor-size-medium{font-size:19px}.elementor-widget-heading .elementor-heading-title.elementor-size-large{font-size:29px}.elementor-widget-heading .elementor-heading-title.elementor-size-xl{font-size:39px}.elementor-widget-heading .elementor-heading-title.elementor-size-xxl{font-size:59px}<\/style><h4 class=\"elementor-heading-title elementor-size-default\">\u00c9pilation Au Laser\n<\/h4>\t\t<\/div>\n\t\t\t\t<\/div>\n\t\t\t\t<div class=\"elementor-element elementor-element-dd2a705 elementor-widget elementor-widget-text-editor\" data-id=\"dd2a705\" data-element_type=\"widget\" data-widget_type=\"text-editor.default\">\n\t\t\t\t<div class=\"elementor-widget-container\">\n\t\t\t<style>\/*! elementor - v3.8.1 - 13-11-2022 *\/\n.elementor-widget-text-editor.elementor-drop-cap-view-stacked .elementor-drop-cap{background-color:#818a91;color:#fff}.elementor-widget-text-editor.elementor-drop-cap-view-framed .elementor-drop-cap{color:#818a91;border:3px solid;background-color:transparent}.elementor-widget-text-editor:not(.elementor-drop-cap-view-default) .elementor-drop-cap{margin-top:8px}.elementor-widget-text-editor:not(.elementor-drop-cap-view-default) .elementor-drop-cap-letter{width:1em;height:1em}.elementor-widget-text-editor .elementor-drop-cap{float:left;text-align:center;line-height:1;font-size:50px}.elementor-widget-text-editor .elementor-drop-cap-letter{display:inline-block}<\/style>\t\t\t\t<p>Optez pour une \u00e9pilation d\u00e9finitive r\u00e9elle, indolore et qui convient \u00e0 tout type de peau. Notre technologie Diode Laser ultra avanc\u00e9e combine efficacit\u00e9 et rapidit\u00e9, permet un r\u00e9sultat remarquable au bout de quelques s\u00e9ances seulement.<\/p>\t\t\t\t\t\t<\/div>\n\t\t\t\t<\/div>\n\t\t\t\t<div class=\"elementor-element elementor-element-3a5897f elementor-widget elementor-widget-heading\" data-id=\"3a5897f\" data-element_type=\"widget\" data-widget_type=\"heading.default\">\n\t\t\t\t<div class=\"elementor-widget-container\">\n\t\t\t<h4 class=\"elementor-heading-title elementor-size-default\">Technologie utilis\u00e9e\n<\/h4>\t\t<\/div>\n\t\t\t\t<\/div>\n\t\t\t\t<div class=\"elementor-element elementor-element-927310e elementor-widget elementor-widget-text-editor\" data-id=\"927310e\" data-element_type=\"widget\" data-widget_type=\"text-editor.default\">\n\t\t\t\t<div class=\"elementor-widget-container\">\n\t\t\t\t\t\t\t<p>La machine Aura Intense Pulsed Light, est document\u00e9e et prouv\u00e9e pour fournir des r\u00e9sultats, traitant efficacement la population de patients la plus large.<\/p><div id=\"text\"><p>L\u2019\u00e9pilation \u00e0 la lumi\u00e8re puls\u00e9e est une nouvelle alternative int\u00e9ressante pour l\u2019\u00e9pilation d\u00e9finitive. Elle permet une suppression \u00e0 moyen\/long terme de la croissance du poil.\u00a0\u00c0\u00a0<b>EPILAZ<\/b>\u00a0nous utilisons la machine Aura Intense Pulsed Light, qui permet de traiter de mani\u00e8re saine et efficace, le poil.<\/p><p>La lumi\u00e8re puls\u00e9e utilise une multitude de longueurs d\u2019onde \u00e9mettant une lumi\u00e8re \u2018\u2019Polychromatique\u2019\u2019, s\u2019\u00e9tendant sur une d\u00e9clinaison longue et pr\u00e9cise. Ainsi, celle-ci d\u00e9truit la pigmentation du poil (m\u00e9lanine) emp\u00eachant sa reproduction.\u00a0Face \u00e0 la demande toujours croissante d\u2019\u00e9liminer les poils ind\u00e9sirables sur pratiquement toutes les zones du corps, la capacit\u00e9 de la machine Aura, offre des r\u00e9sultats sup\u00e9rieurs \u00e0 la plus grande vari\u00e9t\u00e9 de patientes.<\/p><\/div>\t\t\t\t\t\t<\/div>\n\t\t\t\t<\/div>\n\t\t\t\t<div class=\"elementor-section elementor-inner-section elementor-element elementor-element-cb560ec elementor-section-boxed elementor-section-height-default elementor-section-height-default\" data-id=\"cb560ec\" data-element_type=\"section\">\n\t\t\t\t\t\t<div class=\"elementor-container elementor-column-gap-default\">\n\t\t\t\t\t<div class=\"elementor-column elementor-col-100 elementor-inner-column elementor-element elementor-element-eb38896\" data-id=\"eb38896\" data-element_type=\"column\">\n\t\t\t<div class=\"elementor-widget-wrap elementor-element-populated\">\n\t\t\t\t\t\t\t\t<div class=\"elementor-element elementor-element-8aeccb5 elementor-widget elementor-widget-heading\" data-id=\"8aeccb5\" data-element_type=\"widget\" data-widget_type=\"heading.default\">\n\t\t\t\t<div class=\"elementor-widget-container\">\n\t\t\t<h4 class=\"elementor-heading-title elementor-size-default\">Les zones trait\u00e9es<\/h4>\t\t<\/div>\n\t\t\t\t<\/div>\n\t\t\t\t<div class=\"elementor-element elementor-element-168db2e elementor-widget elementor-widget-text-editor\" data-id=\"168db2e\" data-element_type=\"widget\" data-widget_type=\"text-editor.default\">\n\t\t\t\t<div class=\"elementor-widget-container\">\n\t\t\t\t\t\t\t<p>L\u2019IPL traite toutes les zones du corps pour une peau douce et libre des poils ! Eh oui !<\/p>\t\t\t\t\t\t<\/div>\n\t\t\t\t<\/div>\n\t\t\t\t<div class=\"elementor-element elementor-element-d2987e9 elementor-widget elementor-widget-image\" data-id=\"d2987e9\" data-element_type=\"widget\" data-widget_type=\"image.default\">\n\t\t\t\t<div class=\"elementor-widget-container\">\n\t\t\t\t\t\t\t\t\t\t\t\t\t\t\t<img loading=\"lazy\" decoding=\"async\" width=\"130\" height=\"597\" src=\"https:\/\/epilaz.ma\/wp-content\/uploads\/2022\/06\/zones-image-1.png\" class=\"attachment-full size-full\" alt=\"\" srcset=\"https:\/\/epilaz.ma\/wp-content\/uploads\/2022\/06\/zones-image-1.png 130w, https:\/\/epilaz.ma\/wp-content\/uploads\/2022\/06\/zones-image-1-65x300.png 65w\" sizes=\"auto, (max-width: 130px) 100vw, 130px\" \/>\t\t\t\t\t\t\t\t\t\t\t\t\t\t\t<\/div>\n\t\t\t\t<\/div>\n\t\t\t\t\t<\/div>\n\t\t<\/div>\n\t\t\t\t\t\t\t<\/div>\n\t\t<\/div>\n\t\t\t\t<div class=\"elementor-section elementor-inner-section elementor-element elementor-element-2f6e7bd elementor-section-boxed elementor-section-height-default elementor-section-height-default\" data-id=\"2f6e7bd\" data-element_type=\"section\">\n\t\t\t\t\t\t<div class=\"elementor-container elementor-column-gap-default\">\n\t\t\t\t\t<div class=\"elementor-column elementor-col-100 elementor-inner-column elementor-element elementor-element-a55a86b\" data-id=\"a55a86b\" data-element_type=\"column\">\n\t\t\t<div class=\"elementor-widget-wrap elementor-element-populated\">\n\t\t\t\t\t\t\t\t<div class=\"elementor-element elementor-element-1756953 elementor-widget elementor-widget-heading\" data-id=\"1756953\" data-element_type=\"widget\" data-widget_type=\"heading.default\">\n\t\t\t\t<div class=\"elementor-widget-container\">\n\t\t\t<h4 class=\"elementor-heading-title elementor-size-default\"><span style=\"color: rgb(119, 119, 119); font-family: montserrat, sans-serif; font-size: 25px; text-transform: uppercase; white-space: normal;\">OURQUOI CHOISIR L\u2019\u00c9PILATION \u00c0 LA LUMI\u00c8RE PULS\u00c9E<\/span><\/h4>\t\t<\/div>\n\t\t\t\t<\/div>\n\t\t\t\t<div class=\"elementor-element elementor-element-9a53aa5 elementor-widget elementor-widget-text-editor\" data-id=\"9a53aa5\" data-element_type=\"widget\" data-widget_type=\"text-editor.default\">\n\t\t\t\t<div class=\"elementor-widget-container\">\n\t\t\t\t\t\t\t<p>L\u2019IPL traite toutes les zones du corps pour une peau douce et libre des poils ! Eh oui !<\/p>\t\t\t\t\t\t<\/div>\n\t\t\t\t<\/div>\n\t\t\t\t<div class=\"elementor-element elementor-element-de0cb2a elementor-icon-list--layout-traditional elementor-list-item-link-full_width elementor-widget elementor-widget-icon-list\" data-id=\"de0cb2a\" data-element_type=\"widget\" data-widget_type=\"icon-list.default\">\n\t\t\t\t<div class=\"elementor-widget-container\">\n\t\t\t<link rel=\"stylesheet\" href=\"https:\/\/epilaz.ma\/wp-content\/plugins\/elementor\/assets\/css\/widget-icon-list.min.css\">\t\t<ul class=\"elementor-icon-list-items\">\n\t\t\t\t\t\t\t<li class=\"elementor-icon-list-item\">\n\t\t\t\t\t\t\t\t\t\t\t<span class=\"elementor-icon-list-icon\">\n\t\t\t\t\t\t\t<i aria-hidden=\"true\" class=\"fas fa-check\"><\/i>\t\t\t\t\t\t<\/span>\n\t\t\t\t\t\t\t\t\t\t<span class=\"elementor-icon-list-text\">La lumi\u00e8re puls\u00e9e est une pratique utilis\u00e9e dans les centres d\u2019\u00e9pilation d\u00e9finitive de grande renomm\u00e9e, et reste beaucoup plus accessible.<\/span>\n\t\t\t\t\t\t\t\t\t<\/li>\n\t\t\t\t\t\t\t\t<li class=\"elementor-icon-list-item\">\n\t\t\t\t\t\t\t\t\t\t\t<span class=\"elementor-icon-list-icon\">\n\t\t\t\t\t\t\t<i aria-hidden=\"true\" class=\"fas fa-check\"><\/i>\t\t\t\t\t\t<\/span>\n\t\t\t\t\t\t\t\t\t\t<span class=\"elementor-icon-list-text\">En deuxi\u00e8me lieu il faut garder en t\u00eate que la lumi\u00e8re puls\u00e9e est une technique d\u2019\u00e9pilation d\u00e9finitive qui marche nettement mieux sur les peaux claires aux poils fonc\u00e9s.<\/span>\n\t\t\t\t\t\t\t\t\t<\/li>\n\t\t\t\t\t\t\t\t<li class=\"elementor-icon-list-item\">\n\t\t\t\t\t\t\t\t\t\t\t<span class=\"elementor-icon-list-icon\">\n\t\t\t\t\t\t\t<i aria-hidden=\"true\" class=\"fas fa-check\"><\/i>\t\t\t\t\t\t<\/span>\n\t\t\t\t\t\t\t\t\t\t<span class=\"elementor-icon-list-text\">Le poil de la zone trait\u00e9e ne doit pas n\u00e9cessairement avoir compl\u00e8tement pouss\u00e9 pour \u00eatre trait\u00e9.<\/span>\n\t\t\t\t\t\t\t\t\t<\/li>\n\t\t\t\t\t\t\t\t<li class=\"elementor-icon-list-item\">\n\t\t\t\t\t\t\t\t\t\t\t<span class=\"elementor-icon-list-icon\">\n\t\t\t\t\t\t\t<i aria-hidden=\"true\" class=\"fas fa-check\"><\/i>\t\t\t\t\t\t<\/span>\n\t\t\t\t\t\t\t\t\t\t<span class=\"elementor-icon-list-text\">R\u00e9sultats visibles d\u00e8s la 1\u00e8re s\u00e9ance. Certaines zones pourront \u00eatre d\u00e9pourvues de poils et quelques petites s\u00e9ances presque. Bref, des r\u00e9sultats d\u00e8s le d\u00e9marrage du traitement, \u00e7a existe.<\/span>\n\t\t\t\t\t\t\t\t\t<\/li>\n\t\t\t\t\t\t\t\t<li class=\"elementor-icon-list-item\">\n\t\t\t\t\t\t\t\t\t\t\t<span class=\"elementor-icon-list-icon\">\n\t\t\t\t\t\t\t<i aria-hidden=\"true\" class=\"fas fa-check\"><\/i>\t\t\t\t\t\t<\/span>\n\t\t\t\t\t\t\t\t\t\t<span class=\"elementor-icon-list-text\">Les lampes de la LP sont dot\u00e9es d\u2019un syst\u00e8me de refroidissement  int\u00e9gr\u00e9 permettant un r\u00e9sultat impeccable & indolore.<\/span>\n\t\t\t\t\t\t\t\t\t<\/li>\n\t\t\t\t\t\t\t\t<li class=\"elementor-icon-list-item\">\n\t\t\t\t\t\t\t\t\t\t\t<span class=\"elementor-icon-list-icon\">\n\t\t\t\t\t\t\t<i aria-hidden=\"true\" class=\"fas fa-check\"><\/i>\t\t\t\t\t\t<\/span>\n\t\t\t\t\t\t\t\t\t\t<span class=\"elementor-icon-list-text\">L\u2019\u00e9volution technologique de notre \u00e8re fait que les s\u00e9ances n\u00e9cessaires se r\u00e9duisent de plus en plus au fil des ann\u00e9es.<\/span>\n\t\t\t\t\t\t\t\t\t<\/li>\n\t\t\t\t\t\t\t\t<li class=\"elementor-icon-list-item\">\n\t\t\t\t\t\t\t\t\t\t\t<span class=\"elementor-icon-list-icon\">\n\t\t\t\t\t\t\t<i aria-hidden=\"true\" class=\"fas fa-check\"><\/i>\t\t\t\t\t\t<\/span>\n\t\t\t\t\t\t\t\t\t\t<span class=\"elementor-icon-list-text\">Le poil est d\u00e9truit de mani\u00e8re naturelle, en l\u2019\u00e9clairant pour l\u2019\u00e9liminer.<\/span>\n\t\t\t\t\t\t\t\t\t<\/li>\n\t\t\t\t\t\t\t\t<li class=\"elementor-icon-list-item\">\n\t\t\t\t\t\t\t\t\t\t\t<span class=\"elementor-icon-list-icon\">\n\t\t\t\t\t\t\t<i aria-hidden=\"true\" class=\"fas fa-check\"><\/i>\t\t\t\t\t\t<\/span>\n\t\t\t\t\t\t\t\t\t\t<span class=\"elementor-icon-list-text\">Totalement indolore ! Quelques petits picotements, voire chatouillements sur quelques zones.<\/span>\n\t\t\t\t\t\t\t\t\t<\/li>\n\t\t\t\t\t\t<\/ul>\n\t\t\t\t<\/div>\n\t\t\t\t<\/div>\n\t\t\t\t\t<\/div>\n\t\t<\/div>\n\t\t\t\t\t\t\t<\/div>\n\t\t<\/div>\n\t\t\t\t\t<\/div>\n\t\t<\/div>\n\t\t\t\t\t\t\t<\/div>\n\t\t<\/div>\n\t\t\t\t\t\t\t<\/div>\n\t\t","protected":false},"excerpt":{"rendered":"<p>\u00c9pilation Au Laser Optez pour une \u00e9pilation d\u00e9finitive r\u00e9elle, indolore et qui convient \u00e0 tout type de peau. Notre technologie Diode Laser ultra avanc\u00e9e combine efficacit\u00e9 et rapidit\u00e9, permet un r\u00e9sultat remarquable au bout de quelques s\u00e9ances seulement. Technologie utilis\u00e9e La machine Aura Intense Pulsed Light, est document\u00e9e et prouv\u00e9e pour fournir des r\u00e9sultats, traitant [&hellip;]<\/p>\n","protected":false},"author":1,"featured_media":0,"parent":0,"menu_order":0,"comment_status":"closed","ping_status":"closed","template":"","meta":{"_acf_changed":false,"om_disable_all_campaigns":false,"_monsterinsights_skip_tracking":false,"_monsterinsights_sitenote_active":false,"_monsterinsights_sitenote_note":"","_monsterinsights_sitenote_category":0,"footnotes":""},"class_list":["post-16792","page","type-page","status-publish","hentry"],"acf":[],"aioseo_notices":[],"_links":{"self":[{"href":"https:\/\/epilaz.ma\/index.php\/wp-json\/wp\/v2\/pages\/16792","targetHints":{"allow":["GET"]}}],"collection":[{"href":"https:\/\/epilaz.ma\/index.php\/wp-json\/wp\/v2\/pages"}],"about":[{"href":"https:\/\/epilaz.ma\/index.php\/wp-json\/wp\/v2\/types\/page"}],"author":[{"embeddable":true,"href":"https:\/\/epilaz.ma\/index.php\/wp-json\/wp\/v2\/users\/1"}],"replies":[{"embeddable":true,"href":"https:\/\/epilaz.ma\/index.php\/wp-json\/wp\/v2\/comments?post=16792"}],"version-history":[{"count":7,"href":"https:\/\/epilaz.ma\/index.php\/wp-json\/wp\/v2\/pages\/16792\/revisions"}],"predecessor-version":[{"id":16875,"href":"https:\/\/epilaz.ma\/index.php\/wp-json\/wp\/v2\/pages\/16792\/revisions\/16875"}],"wp:attachment":[{"href":"https:\/\/epilaz.ma\/index.php\/wp-json\/wp\/v2\/media?parent=16792"}],"curies":[{"name":"wp","href":"https:\/\/api.w.org\/{rel}","templated":true}]}}