{"id":16790,"date":"2022-07-12T19:29:59","date_gmt":"2022-07-12T18:29:59","guid":{"rendered":"https:\/\/epilaz.ma\/?page_id=16790"},"modified":"2022-07-12T20:01:26","modified_gmt":"2022-07-12T19:01:26","slug":"soins-visage","status":"publish","type":"page","link":"https:\/\/epilaz.ma\/index.php\/soins-visage\/","title":{"rendered":"Soins visage"},"content":{"rendered":"\t\t<div data-elementor-type=\"wp-page\" data-elementor-id=\"16790\" class=\"elementor elementor-16790\">\n\t\t\t\t\t\t\t\t\t<div class=\"elementor-section elementor-top-section elementor-element elementor-element-b3811cc elementor-section-stretched elementor-section-boxed elementor-section-height-default elementor-section-height-default\" data-id=\"b3811cc\" data-element_type=\"section\" data-settings=\"{&quot;stretch_section&quot;:&quot;section-stretched&quot;}\">\n\t\t\t\t\t\t<div class=\"elementor-container elementor-column-gap-default\">\n\t\t\t\t\t<div class=\"elementor-column elementor-col-33 elementor-top-column elementor-element elementor-element-d6fd927\" data-id=\"d6fd927\" data-element_type=\"column\">\n\t\t\t<div class=\"elementor-widget-wrap elementor-element-populated\">\n\t\t\t\t\t\t\t\t<div class=\"elementor-element elementor-element-a30e358 elementor-widget elementor-widget-sidebar\" data-id=\"a30e358\" data-element_type=\"widget\" data-widget_type=\"sidebar.default\">\n\t\t\t\t<div class=\"elementor-widget-container\">\n\t\t\t<div class=\"widget widget-port\"><div class=\"menu-service-menu-container\"><ul id=\"menu-service-menu\" class=\"menu\"><li id=\"menu-item-3759\" class=\"menu-item menu-item-type-post_type menu-item-object-page menu-item-3759\"><a href=\"https:\/\/epilaz.ma\/index.php\/epilation-au-laser\/\">Epilation Au Laser<\/a><\/li>\n<li id=\"menu-item-3761\" class=\"menu-item menu-item-type-post_type menu-item-object-page menu-item-3761\"><a href=\"https:\/\/epilaz.ma\/index.php\/lipocavitation\/\">Lipocavitation<\/a><\/li>\n<li id=\"menu-item-3762\" class=\"menu-item menu-item-type-post_type menu-item-object-page menu-item-3762\"><a href=\"https:\/\/epilaz.ma\/index.php\/radiofrequence\/\">Radiofr\u00e9quence<\/a><\/li>\n<li id=\"menu-item-16898\" class=\"menu-item menu-item-type-post_type menu-item-object-page menu-item-16898\"><a href=\"https:\/\/epilaz.ma\/index.php\/lipolaser\/\">Lipolaser<\/a><\/li>\n<li id=\"menu-item-16897\" class=\"menu-item menu-item-type-post_type menu-item-object-page menu-item-16897\"><a href=\"https:\/\/epilaz.ma\/index.php\/pressotherapie\/\">Pressotherapie<\/a><\/li>\n<li id=\"menu-item-16896\" class=\"menu-item menu-item-type-post_type menu-item-object-page menu-item-16896\"><a href=\"https:\/\/epilaz.ma\/index.php\/renforcement-musculaire-aux-electrodes\/\">Renforcement musculaire aux \u00e9lectrodes<\/a><\/li>\n<li id=\"menu-item-16895\" class=\"menu-item menu-item-type-post_type menu-item-object-page menu-item-16895\"><a href=\"https:\/\/epilaz.ma\/index.php\/lifting-colombien\/\">Lifting colombien<\/a><\/li>\n<li id=\"menu-item-16894\" class=\"menu-item menu-item-type-post_type menu-item-object-page menu-item-16894\"><a href=\"https:\/\/epilaz.ma\/index.php\/soins-visage\/\">Soins visage<\/a><\/li>\n<li id=\"menu-item-16902\" class=\"menu-item menu-item-type-post_type menu-item-object-page menu-item-16902\"><a href=\"https:\/\/epilaz.ma\/index.php\/bronzage-par-brumisation\/\">Bronzage par brumisation<\/a><\/li>\n<li id=\"menu-item-16892\" class=\"menu-item menu-item-type-post_type menu-item-object-page menu-item-16892\"><a href=\"https:\/\/epilaz.ma\/index.php\/blanchiment-dentaire\/\">Blanchiment dentaire<\/a><\/li>\n<\/ul><\/div><\/div><div class=\"widget widget-port\">\n<figure class=\"wp-block-image size-full is-style-default\"><a href=\"https:\/\/epilaz.ma\/index.php\/contactez-nous\/\"><img loading=\"lazy\" decoding=\"async\" width=\"600\" height=\"745\" src=\"https:\/\/epilaz.ma\/wp-content\/uploads\/2022\/06\/cover2.png\" alt=\"\" class=\"wp-image-16388\" srcset=\"https:\/\/epilaz.ma\/wp-content\/uploads\/2022\/06\/cover2.png 600w, https:\/\/epilaz.ma\/wp-content\/uploads\/2022\/06\/cover2-242x300.png 242w\" sizes=\"auto, (max-width: 600px) 100vw, 600px\" \/><\/a><\/figure>\n<\/div>\t\t<\/div>\n\t\t\t\t<\/div>\n\t\t\t\t\t<\/div>\n\t\t<\/div>\n\t\t\t\t<div class=\"elementor-column elementor-col-66 elementor-top-column elementor-element elementor-element-523a824\" data-id=\"523a824\" data-element_type=\"column\">\n\t\t\t<div class=\"elementor-widget-wrap elementor-element-populated\">\n\t\t\t\t\t\t\t\t<div class=\"elementor-element elementor-element-afec9ab elementor-widget elementor-widget-image\" data-id=\"afec9ab\" data-element_type=\"widget\" data-widget_type=\"image.default\">\n\t\t\t\t<div class=\"elementor-widget-container\">\n\t\t\t<style>\/*! elementor - v3.8.1 - 13-11-2022 *\/\n.elementor-widget-image{text-align:center}.elementor-widget-image a{display:inline-block}.elementor-widget-image a img[src$=\".svg\"]{width:48px}.elementor-widget-image img{vertical-align:middle;display:inline-block}<\/style>\t\t\t\t\t\t\t\t\t\t\t\t<img loading=\"lazy\" decoding=\"async\" width=\"700\" height=\"638\" src=\"https:\/\/epilaz.ma\/wp-content\/uploads\/2022\/07\/offer2.png\" class=\"attachment-full size-full\" alt=\"\" srcset=\"https:\/\/epilaz.ma\/wp-content\/uploads\/2022\/07\/offer2.png 700w, https:\/\/epilaz.ma\/wp-content\/uploads\/2022\/07\/offer2-300x273.png 300w\" sizes=\"auto, (max-width: 700px) 100vw, 700px\" \/>\t\t\t\t\t\t\t\t\t\t\t\t\t\t\t<\/div>\n\t\t\t\t<\/div>\n\t\t\t\t<div class=\"elementor-element elementor-element-5a04f34 elementor-widget elementor-widget-heading\" data-id=\"5a04f34\" data-element_type=\"widget\" data-widget_type=\"heading.default\">\n\t\t\t\t<div class=\"elementor-widget-container\">\n\t\t\t<style>\/*! elementor - v3.8.1 - 13-11-2022 *\/\n.elementor-heading-title{padding:0;margin:0;line-height:1}.elementor-widget-heading .elementor-heading-title[class*=elementor-size-]>a{color:inherit;font-size:inherit;line-height:inherit}.elementor-widget-heading .elementor-heading-title.elementor-size-small{font-size:15px}.elementor-widget-heading .elementor-heading-title.elementor-size-medium{font-size:19px}.elementor-widget-heading .elementor-heading-title.elementor-size-large{font-size:29px}.elementor-widget-heading .elementor-heading-title.elementor-size-xl{font-size:39px}.elementor-widget-heading .elementor-heading-title.elementor-size-xxl{font-size:59px}<\/style><h4 class=\"elementor-heading-title elementor-size-default\">Soin de visage ! Hydrafacial <\/h4>\t\t<\/div>\n\t\t\t\t<\/div>\n\t\t\t\t<div class=\"elementor-element elementor-element-1c4ac9d elementor-widget elementor-widget-text-editor\" data-id=\"1c4ac9d\" data-element_type=\"widget\" data-widget_type=\"text-editor.default\">\n\t\t\t\t<div class=\"elementor-widget-container\">\n\t\t\t<style>\/*! elementor - v3.8.1 - 13-11-2022 *\/\n.elementor-widget-text-editor.elementor-drop-cap-view-stacked .elementor-drop-cap{background-color:#818a91;color:#fff}.elementor-widget-text-editor.elementor-drop-cap-view-framed .elementor-drop-cap{color:#818a91;border:3px solid;background-color:transparent}.elementor-widget-text-editor:not(.elementor-drop-cap-view-default) .elementor-drop-cap{margin-top:8px}.elementor-widget-text-editor:not(.elementor-drop-cap-view-default) .elementor-drop-cap-letter{width:1em;height:1em}.elementor-widget-text-editor .elementor-drop-cap{float:left;text-align:center;line-height:1;font-size:50px}.elementor-widget-text-editor .elementor-drop-cap-letter{display:inline-block}<\/style>\t\t\t\t<p>Ce soin, venu tout droit des \u00c9tats-Unis, a pour objectif de nettoyer la peau en profondeur, de resserrer les pores et d\u2019offrir un coup d\u2019\u00e9clat au teint. Ce nettoyage est-il vraiment efficace\u00a0? On a test\u00e9 pour vous\u00a0!<\/p><p>Afficher une mine z\u00e9ro d\u00e9faut, c\u2019est un peu inesp\u00e9r\u00e9 quand on vit en milieu urbain pollu\u00e9 et que notre peau est soumise au stress oxydatif. C\u2019est pourtant la promesse du soin Hydrafacial, un protocole venu des \u00c9tats-Unis et dont tout le monde parle\u00a0!<br \/>Au centre Epilaz, le soin d\u00e9marre par un examen approfondi de votre peau, ce qui permet de d\u00e9terminer l\u2019\u00e9tat de sant\u00e9 de votre \u00e9piderme. Rides, taches, d\u00e9shydratation, fermet\u00e9\u2026 Tout est pass\u00e9 au crible. Cela permet de v\u00e9rifier l\u2019\u00e2ge de votre peau (et on peut avoir de bonnes surprises\u00a0!) mais aussi et surtout de conna\u00eetre les besoins de votre \u00e9piderme (peau s\u00e8che, peau acn\u00e9ique, manque d\u2019\u00e9clat\u2026).\u00a0<br \/>En fonction de ce diagnostic, l\u2019esth\u00e9ticienne saura donc quels produits sont les plus adapt\u00e9s lors de votre protocole. C\u2019est donc un soin sur mesure que l\u2019on re\u00e7oit pour encore plus d\u2019efficacit\u00e9.<\/p>\t\t\t\t\t\t<\/div>\n\t\t\t\t<\/div>\n\t\t\t\t\t<\/div>\n\t\t<\/div>\n\t\t\t\t\t\t\t<\/div>\n\t\t<\/div>\n\t\t\t\t\t\t\t<\/div>\n\t\t","protected":false},"excerpt":{"rendered":"<p>Soin de visage ! Hydrafacial Ce soin, venu tout droit des \u00c9tats-Unis, a pour objectif de nettoyer la peau en profondeur, de resserrer les pores et d\u2019offrir un coup d\u2019\u00e9clat au teint. Ce nettoyage est-il vraiment efficace\u00a0? On a test\u00e9 pour vous\u00a0! Afficher une mine z\u00e9ro d\u00e9faut, c\u2019est un peu inesp\u00e9r\u00e9 quand on vit en [&hellip;]<\/p>\n","protected":false},"author":1,"featured_media":0,"parent":0,"menu_order":0,"comment_status":"closed","ping_status":"closed","template":"","meta":{"_acf_changed":false,"om_disable_all_campaigns":false,"_monsterinsights_skip_tracking":false,"_monsterinsights_sitenote_active":false,"_monsterinsights_sitenote_note":"","_monsterinsights_sitenote_category":0,"footnotes":""},"class_list":["post-16790","page","type-page","status-publish","hentry"],"acf":[],"aioseo_notices":[],"_links":{"self":[{"href":"https:\/\/epilaz.ma\/index.php\/wp-json\/wp\/v2\/pages\/16790","targetHints":{"allow":["GET"]}}],"collection":[{"href":"https:\/\/epilaz.ma\/index.php\/wp-json\/wp\/v2\/pages"}],"about":[{"href":"https:\/\/epilaz.ma\/index.php\/wp-json\/wp\/v2\/types\/page"}],"author":[{"embeddable":true,"href":"https:\/\/epilaz.ma\/index.php\/wp-json\/wp\/v2\/users\/1"}],"replies":[{"embeddable":true,"href":"https:\/\/epilaz.ma\/index.php\/wp-json\/wp\/v2\/comments?post=16790"}],"version-history":[{"count":10,"href":"https:\/\/epilaz.ma\/index.php\/wp-json\/wp\/v2\/pages\/16790\/revisions"}],"predecessor-version":[{"id":16881,"href":"https:\/\/epilaz.ma\/index.php\/wp-json\/wp\/v2\/pages\/16790\/revisions\/16881"}],"wp:attachment":[{"href":"https:\/\/epilaz.ma\/index.php\/wp-json\/wp\/v2\/media?parent=16790"}],"curies":[{"name":"wp","href":"https:\/\/api.w.org\/{rel}","templated":true}]}}